{"id":482,"date":"2019-06-03T12:18:27","date_gmt":"2018-05-03T15:25:28","guid":{"rendered":"https:\/\/braswellartscenter.com\/adult-dance-classes-2\/"},"modified":"2025-10-03T10:28:49","modified_gmt":"2025-10-03T08:28:49","slug":"bac-kids-and-teen-program","status":"publish","type":"page","link":"https:\/\/braswellartscenter.com\/de\/bac-kids-and-teen-program\/","title":{"rendered":"BAC Kids and Teen Program"},"content":{"rendered":"<h2>\n\t\t\tTanzunterricht f\u00fcr Kinder und Jugendliche\t<\/h2>\n\t<p>BAC Kids and Teens is a multi-arts program for children, ages 2-16.<\/p>\n<p>Unser w\u00f6chentlicher Unterricht bietet den Kindern qualitativ hochwertige Lektionen, die ihnen die M\u00f6glichkeit bieten, den kreativen Geist in einer unterst\u00fctzenden Umgebung weiter zu entwickeln. Unter der Leitung des Juilliard School-Absolventen und Ballett-Basel-Solisten Armando Braswell und seines Teams aus hochkar\u00e4tigen K\u00fcnstler*innen erleben die Kinder eine einzigartige sportliche k\u00fcnstlerische Erfahrung, die sie dazu motiviert, sich durch hochwertiges Training auf ihr Engagement und ihre pers\u00f6nliche Leistung zu konzentrieren.<\/p>\n<p>We are proud to support underprivileged children by offering financial aid to our BAC Kids program. See below for more information.<\/p>\n\t\t\t\t<img decoding=\"async\" src=\"https:\/\/ejvcz4jyy33.exactdn.com\/wp-content\/uploads\/2023\/07\/20230121-bac_storiesbyem_children_586_websize.jpg?strip=all&resize=1600%2C1067\" alt=\"braswell arts center\" itemprop=\"image\" height=\"1067\" width=\"1600\" title=\"Braswell Arts Center\" onerror=\"this.style.display='none'\" loading=\"lazy\" \/>\n\t<h1>STUNDENPLAN<\/h1>\n\t<h3><strong>Studio 1<\/strong><\/h3>\n\t\t\t\t<img decoding=\"async\" src=\"https:\/\/ejvcz4jyy33.exactdn.com\/wp-content\/uploads\/2025\/10\/s1-kids.jpg?strip=all&resize=1235%2C1920\" alt=\"s1 kids\" itemprop=\"image\" height=\"1920\" width=\"1235\" title=\"S1 Kids\" onerror=\"this.style.display='none'\" loading=\"lazy\" \/>\n\t<h3>Studio 2<\/h3>\n\t\t\t\t<img decoding=\"async\" src=\"https:\/\/ejvcz4jyy33.exactdn.com\/wp-content\/uploads\/2025\/10\/s2-kids.jpg?strip=all&resize=1216%2C1920\" alt=\"s2 kids\" itemprop=\"image\" height=\"1920\" width=\"1216\" title=\"S2 Kids\" onerror=\"this.style.display='none'\" loading=\"lazy\" \/>\n<h2>\n\t\t\tSchedule a Free Trial Class. Join Our Creative Community!\t<\/h2>\n\t\t\t\t<img decoding=\"async\" src=\"https:\/\/ejvcz4jyy33.exactdn.com\/wp-content\/uploads\/2023\/07\/braswell-arts-center-storiesbyem-5.jpg?strip=all&resize=1600%2C1067\" alt=\"braswell arts center\" itemprop=\"image\" height=\"1067\" width=\"1600\" title=\"Braswell Arts Center\" onerror=\"this.style.display='none'\" loading=\"lazy\" \/>\n\t<h1>MOM\/DAD &amp; ME<br \/>\nPRE-BALLET<br \/>\nCREATIVE MOVEMENT<br \/>\nKIDS BALLET<br \/>\nKIDS CONTEMPORARY<br \/>\nKIDS JAZZ<br \/>\nKIDS HIP-HOP<br \/>\nPRE-TEEN BALLET<br \/>\nPRE-TEEN CONTEMPORARY<br \/>\nPRE-TEEN HIP-HOP<br \/>\nTEEN BALLET<br \/>\nTEEN CONTEMPORARY<br \/>\nTEEN HIP-HOP<\/h1>\n\t\t\t\t<img decoding=\"async\" src=\"https:\/\/ejvcz4jyy33.exactdn.com\/wp-content\/uploads\/2024\/06\/lisanne-vreeke-photography_business_braswell-arts-center-165.jpg?strip=all&resize=1600%2C1067\" alt=\"business braswell arts center\" itemprop=\"image\" height=\"1067\" width=\"1600\" title=\"BUSINESS - Braswell Arts Center\" onerror=\"this.style.display='none'\" loading=\"lazy\" \/>\n<h2>\n\t\t\tSchedule a Free Trial Class. Join Our Creative Community!\t<\/h2>\n<h2>\n\t\t\tMITGLIED WERDEN\t<\/h2>\n\t<p>With our unique membership system, children have a weekly reserved place in one &#8220;main&#8221; class of their choice, but are also welcome to join any additional classes on our schedule &#8211; either as make-up lessons due to missed classes or in addition to their main class if they wish to simply try something new!<\/p>\n<p>Auf diese Weise k\u00f6nnen wir besser auf wechselnde Termine, Reisepl\u00e4ne, Krankheiten etc. eingehen und den Kindern eine umfassendere Erfahrung mit den K\u00fcnsten erm\u00f6glichen.<\/p>\n\t\t\t\t<img decoding=\"async\" src=\"https:\/\/ejvcz4jyy33.exactdn.com\/wp-content\/uploads\/2023\/07\/20230121-bac_storiesbyem_children_618_websize.jpg?strip=all&resize=1600%2C1067\" alt=\"braswell arts center\" itemprop=\"image\" height=\"1067\" width=\"1600\" title=\"Braswell Arts Center\" onerror=\"this.style.display='none'\" loading=\"lazy\" \/>\n<h2>\n\t\t\tMITGLIEDSCHAFT\t<\/h2>\n<p><strong>20er Kurse Mitgliedschaft<\/strong><\/p>\n<p><strong>CHF 600.-<\/strong><\/p>\n<p>* Children have a fixed place reserved for 20 consecutive lessons<\/p>\n<p>* Children and teen classes do not take place during Basel-Stadt school holidays<\/p>\n<p>* Missed classes can be rescheduled during the period of the membership<\/p>\n<p>* Memberships are activated from the date of the first class and renew automatically<\/p>\n<p>* Informationen zu Finanzierungshilfen und Erm\u00e4ssigungen siehe unten<\/p>\n\t<h2>Ballet Class Uniform Policy<\/h2>\n\t<p>As part of our ongoing commitment to fostering unity and professionalism at Braswell Arts Center, we have a uniform policy for all ballet dance students. Each class has a designated color uniform and the children are required to wear the uniform to class each week. For more information and to order a uniform, please visit the <strong><a href=\"https:\/\/braswellartscenter.com\/de\/dance-shop\/\">BAC Shop.<\/a><\/strong><\/p>\n<h2>\n\t\t\tSCHEDULE A FREE TRIAL CLASS\t<\/h2>\n\t\t\t\t\t<img decoding=\"async\" src=\"https:\/\/ejvcz4jyy33.exactdn.com\/wp-content\/uploads\/2021\/09\/jazz-thumbnail.jpeg?strip=all&w=1920\" alt=\"\"\/>\n\t\t\t\t\t<img decoding=\"async\" src=\"https:\/\/ejvcz4jyy33.exactdn.com\/wp-content\/uploads\/2024\/10\/screen-shot-2024-10-09-at-3.26.02-pm.jpg?strip=all&w=1920\" alt=\"screenshot\"\/>\n\t\t\t<a href=\"\/de\/app\/\" target=\"_blank\" rel=\"noopener\">\n\t\t\t\t\t\t\tDOWNLOAD OUR BAC APP\n\t\t\t\t\t<\/a>\n<h2>\n\t\t\tHOLIDAY ARTS CAMPS\t<\/h2>\n<p>Join us for a fun week (or two) of multi-arts programming with the Braswell Arts Center. Offering full or half-day camp options for children ages 5 and up during every Basel-Stadt school holiday. Artistic mentoring with high-quality artists and teachers to inspire the next generation of young artists.<\/p>\n\t\t\t<a href=\"https:\/\/braswellartscenter.com\/de\/holiday-arts-camp\/\" target=\"_self\">\n\t\t\t\t\t\t\tMehr Infos hier\n\t\t\t\t\t<\/a>\n\t\t\t\t\t<img decoding=\"async\" src=\"https:\/\/ejvcz4jyy33.exactdn.com\/wp-content\/uploads\/2021\/09\/thumbnail-kids.jpeg?strip=all&w=1920\" alt=\"\"\/>\n\t\t<h2>\n\t\t\tFINANZIELLE UNTERST\u00dcTZUNG\t<\/h2>\n<h2>\n\t\t\tFAMILIENRABATT\t<\/h2>\n\t<p>10% off for partners, children or siblings. Discount applies to memberships only.<\/p>\n<h2>\n\t\t\tFINANZIELLE UNTERST\u00dcTZUNG\t<\/h2>\n\t<p>Wir freuen uns, den Mitgliedern der<a href=\"https:\/\/www.kulturlegi.ch\/beider-basel\/angebot-detail\/angebot\/braswell-arts-center\/\" target=\"_blank\" rel=\"noopener\">KulturLegi Beider Basel<\/a> as well those who receive Sozialhilfe or Pr\u00e4mienverbilligung (levels 1-15). Children receive a 50% discount and adults receive 20%. Discount applies to memberships only.<\/p>\n<h2>\n\t\t\tR\u00dcCKERSTATTUNG DER KRANKENKASSE\t<\/h2>\n\t<p>Aufgrund unserer Mitgliedschaft bei der\u00a0<a href=\"http:\/\/www.tanzvereinigung-schweiz.ch\/index.php\/mitglieder-details.html?member_id=404\" target=\"_blank\" rel=\"noopener\">Tanzvereinigung Schweiz<\/a>, some health insurance companies (SWICA\u00a0and\u00a0Sympany,\u00a0for example) offer to reimburse some of the cost of our membership fees for both children and adults&#8211;up to CHF 600 per year! This depends on your health insurance company and the specific plan you have with them. Please inquire directly with your health insurance provider to ask if they offer this type of benefit.<\/p>\n\t\t\t\t<img decoding=\"async\" src=\"https:\/\/ejvcz4jyy33.exactdn.com\/wp-content\/uploads\/2023\/07\/20230121-bac_storiesbyem_children_901_websize.jpg?strip=all&resize=1600%2C1067\" alt=\"braswell arts center\" itemprop=\"image\" height=\"1067\" width=\"1600\" title=\"Braswell Arts Center\" onerror=\"this.style.display='none'\" loading=\"lazy\" \/>\n<h2>\n\t\t\tUNIFORMEN \/ TANZBEKLEIDUNG\t<\/h2>\n\t\t\t<a href=\"https:\/\/braswellartscenter.com\/de\/dance-shop\/\" target=\"_blank\" rel=\"noopener\">\n\t\t\t\t\t\t\tBAC DANCE SHOP\n\t\t\t\t\t<\/a>\n<h2>\n\t\t\tSchedule a Free Trial Class. Join our Creative Community!\t<\/h2>","protected":false},"excerpt":{"rendered":"<p>BAC KIDS AND TEENS BAC Kids and Teens is a multi-arts program for children, ages 2-16. Our weekly classes offer children quality lessons that focus on improving self-discipline, while also allowing the creative mind to grow in a supportive setting.\u00a0Led by the Juilliard School graduate and Ballet Basel soloist Armando Braswell and his team of [&hellip;]<\/p>","protected":false},"author":1,"featured_media":0,"parent":0,"menu_order":0,"comment_status":"closed","ping_status":"open","template":"","meta":{"_seopress_robots_primary_cat":"","_seopress_titles_title":"","_seopress_titles_desc":"","_seopress_robots_index":"","site-sidebar-layout":"default","site-content-layout":"","ast-site-content-layout":"default","site-content-style":"default","site-sidebar-style":"default","ast-global-header-display":"","ast-banner-title-visibility":"","ast-main-header-display":"","ast-hfb-above-header-display":"","ast-hfb-below-header-display":"","ast-hfb-mobile-header-display":"","site-post-title":"disabled","ast-breadcrumbs-content":"","ast-featured-img":"","footer-sml-layout":"","theme-transparent-header-meta":"","adv-header-id-meta":null,"stick-header-meta":"","header-above-stick-meta":null,"header-main-stick-meta":"","header-below-stick-meta":null,"astra-migrate-meta-layouts":"default","ast-page-background-enabled":"default","ast-page-background-meta":{"desktop":{"background-color":"var(--ast-global-color-4)","background-image":"","background-repeat":"repeat","background-position":"center center","background-size":"auto","background-attachment":"scroll","background-type":"","background-media":"","overlay-type":"","overlay-color":"","overlay-opacity":"","overlay-gradient":""},"tablet":{"background-color":"","background-image":"","background-repeat":"repeat","background-position":"center center","background-size":"auto","background-attachment":"scroll","background-type":"","background-media":"","overlay-type":"","overlay-color":"","overlay-opacity":"","overlay-gradient":""},"mobile":{"background-color":"","background-image":"","background-repeat":"repeat","background-position":"center center","background-size":"auto","background-attachment":"scroll","background-type":"","background-media":"","overlay-type":"","overlay-color":"","overlay-opacity":"","overlay-gradient":""}},"ast-content-background-meta":{"desktop":{"background-color":"var(--ast-global-color-5)","background-image":"","background-repeat":"repeat","background-position":"center center","background-size":"auto","background-attachment":"scroll","background-type":"","background-media":"","overlay-type":"","overlay-color":"","overlay-opacity":"","overlay-gradient":""},"tablet":{"background-color":"var(--ast-global-color-5)","background-image":"","background-repeat":"repeat","background-position":"center center","background-size":"auto","background-attachment":"scroll","background-type":"","background-media":"","overlay-type":"","overlay-color":"","overlay-opacity":"","overlay-gradient":""},"mobile":{"background-color":"var(--ast-global-color-5)","background-image":"","background-repeat":"repeat","background-position":"center center","background-size":"auto","background-attachment":"scroll","background-type":"","background-media":"","overlay-type":"","overlay-color":"","overlay-opacity":"","overlay-gradient":""}},"iawp_total_views":9810,"footnotes":""},"class_list":["post-482","page","type-page","status-publish","hentry"],"_links":{"self":[{"href":"https:\/\/braswellartscenter.com\/de\/wp-json\/wp\/v2\/pages\/482","targetHints":{"allow":["GET"]}}],"collection":[{"href":"https:\/\/braswellartscenter.com\/de\/wp-json\/wp\/v2\/pages"}],"about":[{"href":"https:\/\/braswellartscenter.com\/de\/wp-json\/wp\/v2\/types\/page"}],"author":[{"embeddable":true,"href":"https:\/\/braswellartscenter.com\/de\/wp-json\/wp\/v2\/users\/1"}],"replies":[{"embeddable":true,"href":"https:\/\/braswellartscenter.com\/de\/wp-json\/wp\/v2\/comments?post=482"}],"version-history":[{"count":107,"href":"https:\/\/braswellartscenter.com\/de\/wp-json\/wp\/v2\/pages\/482\/revisions"}],"predecessor-version":[{"id":4011,"href":"https:\/\/braswellartscenter.com\/de\/wp-json\/wp\/v2\/pages\/482\/revisions\/4011"}],"wp:attachment":[{"href":"https:\/\/braswellartscenter.com\/de\/wp-json\/wp\/v2\/media?parent=482"}],"curies":[{"name":"wp","href":"https:\/\/api.w.org\/{rel}","templated":true}]}}