{"id":474,"date":"2019-05-30T16:22:16","date_gmt":"2018-05-03T15:25:28","guid":{"rendered":"https:\/\/braswellartscenter.com\/adult-dance-classes-2\/"},"modified":"2025-12-27T10:59:33","modified_gmt":"2025-12-27T09:59:33","slug":"adult-dance-classes","status":"publish","type":"page","link":"https:\/\/braswellartscenter.com\/de\/adult-dance-classes\/","title":{"rendered":"Adult Dance Classes"},"content":{"rendered":"<h2>\n\t\t\tTANZKURSE F\u00dcR ERWACHSENE\t<\/h2>\n\t<p>Here is your chance to join Basel&#8217;s popular dance community! Inclusive dance classes\u00a0<strong>mit Live-Musik<\/strong> for all levels and all body types. Lead by Juilliard graduate and internationally renowned teacher, Armando Braswell, and his team of quality artists.<\/p>\n<h1>\n\t\t\tSTUNDENPLAN\t<\/h1>\n<h3>\n\t\t\tStudio 1\t<\/h3>\n\t\t\t\t<img decoding=\"async\" src=\"https:\/\/ejvcz4jyy33.exactdn.com\/wp-content\/uploads\/2025\/12\/s1-bac-jan-2026-schedule-adult-schedule-.jpg?strip=all&resize=1220%2C1920\" alt=\"s1 bac jan 2026 schedule adult schedule\" itemprop=\"image\" height=\"1920\" width=\"1220\" title=\"S1 BAC Jan 2026 Schedule - Adult Schedule\" onerror=\"this.style.display='none'\" loading=\"lazy\" \/>\n<h3>\n\t\t\tStudio 2\t<\/h3>\n\t\t\t\t<img decoding=\"async\" src=\"https:\/\/ejvcz4jyy33.exactdn.com\/wp-content\/uploads\/2025\/12\/s2-bac-jan-2026-schedule-adult-schedule-.jpg?strip=all&resize=1218%2C1920\" alt=\"s2 bac jan 2026 schedule adult schedule\" itemprop=\"image\" height=\"1920\" width=\"1218\" title=\"S2 BAC Jan 2026 Schedule - Adult Schedule\" onerror=\"this.style.display='none'\" loading=\"lazy\" \/>\n<h1>\n\t\t\tJOIN US!\t<\/h1>\n<h2>\n\t\t\t1-W\u00d6CHIGE PROBE- <br \/>MITGLIEDSCHAFT\t<\/h2>\n\t<p>Join as many classes as you like within 7 days, starting any day you like!<\/p>\n\t<p>CHF 50.-<\/p>\n\t<healcode-widget data-version=\"0.2\" data-link-class=\"healcode-pricing-option-text-link\" data-site-id=\"33464\" data-mb-site-id=\"546699\" data-service-id=\"103093\" data-bw-identity-site=\"true\" data-type=\"pricing-link\" data-inner-html=\"1-Week Trial\"><\/healcode-widget>\n\t\t\t\t<img decoding=\"async\" src=\"https:\/\/ejvcz4jyy33.exactdn.com\/wp-content\/uploads\/2024\/06\/lisanne-vreeke-photography_business_braswell-arts-center-150.jpg?strip=all&resize=1600%2C1067\" alt=\"business braswell arts center\" itemprop=\"image\" height=\"1067\" width=\"1600\" title=\"BUSINESS - Braswell Arts Center\" onerror=\"this.style.display='none'\" loading=\"lazy\" \/>\n\t<h2><strong>ALL-ACCESS MEMBERSHIP<\/strong><\/h2>\n<ul>\n<li><strong>Access:<\/strong> Full access to every adult class and holiday workshop, regardless of time.<\/li>\n<li><strong>Who It&#8217;s For:<\/strong> The ultimate option for members who want to explore all BAC has to offer.<\/li>\n<li><strong>Cost:<\/strong> CHF 1800 (6 months) or CHF 3420 (1 year)<\/li>\n<\/ul>\n\t<healcode-widget data-version=\"0.2\" data-link-class=\"healcode-contract-text-link\" data-site-id=\"33464\" data-mb-site-id=\"546699\" data-service-id=\"103\" data-bw-identity-site=\"true\" data-type=\"contract-link\" data-inner-html=\"1-Year All-Access Membership\"><\/healcode-widget>\n\t<healcode-widget data-version=\"0.2\" data-link-class=\"healcode-contract-text-link\" data-site-id=\"33464\" data-mb-site-id=\"546699\" data-service-id=\"104\" data-bw-identity-site=\"true\" data-type=\"contract-link\" data-inner-html=\"6-Month All-Access Membership\"><\/healcode-widget>\n\t\t\t\t<img decoding=\"async\" src=\"https:\/\/ejvcz4jyy33.exactdn.com\/wp-content\/uploads\/2024\/06\/lisanne-vreeke-photography_business_braswell-arts-center-145.jpg?strip=all&resize=1600%2C1067\" alt=\"business braswell arts center\" itemprop=\"image\" height=\"1067\" width=\"1600\" title=\"BUSINESS - Braswell Arts Center\" onerror=\"this.style.display='none'\" loading=\"lazy\" \/>\n\t<h2><strong>DAYTIME MEMBERSHIP<\/strong><\/h2>\n<ul>\n<li><strong>Access:<\/strong> Unlimited adult classes until 16:00 each day, including Saturday, plus all workshop classes during school holidays.<\/li>\n<li><strong>Who It&#8217;s For:<\/strong> Perfect for early risers, freelancers, and those with flexible daytime schedules.<\/li>\n<li><strong>Cost:<\/strong> CHF 1200 (6 months) or CHF 2280 (1 year)<\/li>\n<\/ul>\n\t<healcode-widget data-version=\"0.2\" data-link-class=\"healcode-contract-text-link\" data-site-id=\"33464\" data-mb-site-id=\"546699\" data-service-id=\"116\" data-bw-identity-site=\"true\" data-type=\"contract-link\" data-inner-html=\"1-Year Daytime Membership\"><\/healcode-widget>\n\t<healcode-widget data-version=\"0.2\" data-link-class=\"healcode-contract-text-link\" data-site-id=\"33464\" data-mb-site-id=\"546699\" data-service-id=\"117\" data-bw-identity-site=\"true\" data-type=\"contract-link\" data-inner-html=\"6-Month Daytime Membership\"><\/healcode-widget>\n\t<h2><strong>EVENING MEMBERSHIP<\/strong><\/h2>\n<ul>\n<li><strong>Access:<\/strong> Unlimited adult classes starting from 15:00 each day, plus all adult classes on Saturday and all workshop classes during school holidays.<\/li>\n<li><strong>Who It&#8217;s For:<\/strong> Ideal for busy professionals, students, and evening enthusiasts.<\/li>\n<li><strong>Cost:<\/strong> CHF 1200 (6 months) or CHF 2280 (1 year)<\/li>\n<\/ul>\n\t\t\t\t<img decoding=\"async\" src=\"https:\/\/ejvcz4jyy33.exactdn.com\/wp-content\/uploads\/2024\/06\/20230121-bac_storiesbyem_afternoon_1335_websize.jpg?strip=all&resize=1600%2C1067\" alt=\"braswell arts center\" itemprop=\"image\" height=\"1067\" width=\"1600\" title=\"Braswell Arts Center\" onerror=\"this.style.display='none'\" loading=\"lazy\" \/>\n\t<healcode-widget data-version=\"0.2\" data-link-class=\"healcode-contract-text-link\" data-site-id=\"33464\" data-mb-site-id=\"546699\" data-service-id=\"114\" data-bw-identity-site=\"true\" data-type=\"contract-link\" data-inner-html=\"1-Year Evening Membership\"><\/healcode-widget>\n\t<healcode-widget data-version=\"0.2\" data-link-class=\"healcode-contract-text-link\" data-site-id=\"33464\" data-mb-site-id=\"546699\" data-service-id=\"115\" data-bw-identity-site=\"true\" data-type=\"contract-link\" data-inner-html=\"6-Month Evening Membership\"><\/healcode-widget>\n\t<h2><strong>DROP-IN CLASSES<\/strong><\/h2>\n<ul>\n<li><strong>Cost:<\/strong> CHF 40 per class<\/li>\n<li>10-class pass plus 1 free for CHF 400 (valid for 3 months)<\/li>\n<li>Booking is easy via the BAC App or &#8220;Sign-Up&#8221; in the menu bar<\/li>\n<\/ul>\n\t\t\t\t<img decoding=\"async\" src=\"https:\/\/ejvcz4jyy33.exactdn.com\/wp-content\/uploads\/2024\/11\/lisanne-vreeke-photography_business_braswell-arts-center-80.jpg?strip=all&resize=1600%2C1067\" alt=\"business braswell arts center\" itemprop=\"image\" height=\"1067\" width=\"1600\" title=\"BUSINESS - Braswell Arts Center\" onerror=\"this.style.display='none'\" loading=\"lazy\" \/>\n\t<healcode-widget data-version=\"0.2\" data-link-class=\"healcode-pricing-option-text-link\" data-site-id=\"33464\" data-mb-site-id=\"546699\" data-service-id=\"103201\" data-bw-identity-site=\"true\" data-type=\"pricing-link\" data-inner-html=\"Buy 10-Class Pass\"><\/healcode-widget>\n\t<table width=\"604\">\n<tbody>\n<tr>\n<td width=\"250\">\n<h3>Features<\/h3>\n<\/td>\n<td width=\"73\">\n<h3>Drop-In<\/h3>\n<\/td>\n<td width=\"90\">\n<h3>Daytime<\/h3>\n<\/td>\n<td width=\"87\">\n<h3>Evening<\/h3>\n<\/td>\n<td width=\"91\">\n<h3>All-Access<\/h3>\n<\/td>\n<\/tr>\n<tr>\n<td width=\"250\">Unlimited Classes for One Price<\/td>\n<td width=\"73\">\u2716\ufe0f<\/td>\n<td width=\"90\">\u2714\ufe0f<\/td>\n<td width=\"87\">\u2714\ufe0f<\/td>\n<td width=\"91\">\u2714\ufe0f<\/td>\n<\/tr>\n<tr>\n<td width=\"250\">Access to Daytime Classes<\/td>\n<td width=\"73\">\u2714\ufe0f<\/td>\n<td width=\"90\">\u2714\ufe0f<\/td>\n<td width=\"87\">\u2716\ufe0f<\/td>\n<td width=\"91\">\u2714\ufe0f<\/td>\n<\/tr>\n<tr>\n<td width=\"250\">Access to Evening Classes<\/td>\n<td width=\"73\">\u2714\ufe0f<\/td>\n<td width=\"90\">\u2716\ufe0f<\/td>\n<td width=\"87\">\u2714\ufe0f<\/td>\n<td width=\"91\">\u2714\ufe0f<\/td>\n<\/tr>\n<tr>\n<td width=\"250\">Free Access to Workshops<\/td>\n<td width=\"73\">\u2716\ufe0f<\/td>\n<td width=\"90\">\u2714\ufe0f<\/td>\n<td width=\"87\">\u2714\ufe0f<\/td>\n<td width=\"91\">\u2714\ufe0f<\/td>\n<\/tr>\n<tr>\n<td width=\"250\">Special Caf\u00e9 Discount<\/td>\n<td width=\"73\">\u2716\ufe0f<\/td>\n<td width=\"90\">\u2716\ufe0f<\/td>\n<td width=\"87\">\u2716\ufe0f<\/td>\n<td width=\"91\">\u2714\ufe0f<\/td>\n<\/tr>\n<tr>\n<td width=\"250\">Summer Dance Concert Discount<\/td>\n<td width=\"73\">\u2716\ufe0f<\/td>\n<td width=\"90\">\u2716\ufe0f<\/td>\n<td width=\"87\">\u2716\ufe0f<\/td>\n<td width=\"91\">\u2714\ufe0f<\/td>\n<\/tr>\n<tr>\n<td width=\"250\">Dance Shop Discount<\/td>\n<td width=\"73\">\u2716\ufe0f<\/td>\n<td width=\"90\">\u2716\ufe0f<\/td>\n<td width=\"87\">\u2716\ufe0f<\/td>\n<td width=\"91\">\u2714\ufe0f<\/td>\n<\/tr>\n<tr>\n<td width=\"250\">Special Membership Card<\/td>\n<td width=\"73\">\u2716\ufe0f<\/td>\n<td width=\"90\">\u2716\ufe0f<\/td>\n<td width=\"87\">\u2716\ufe0f<\/td>\n<td width=\"91\">\u2714\ufe0f<\/td>\n<\/tr>\n<tr>\n<td width=\"250\">Best Value for Variety<\/td>\n<td width=\"73\">\u2716\ufe0f<\/td>\n<td width=\"90\">\u2716\ufe0f<\/td>\n<td width=\"87\">\u2716\ufe0f<\/td>\n<td width=\"91\">\u2714\ufe0f<\/td>\n<\/tr>\n<\/tbody>\n<\/table>\n<p>* To register, please click buttons above to purchase directly online or send an email to <a href=\"mailto:admin@braswellartscenter.com\" target=\"_blank\" rel=\"noopener\">admin@braswellartscenter.<wbr \/>com<\/a> to pay via bank transfer<\/p>\n<p>* Kursbeschreibungen sowie Informationen \u00fcber finanzielle Unterst\u00fctzung und Erm\u00e4ssigungen siehe unten.<\/p>\n\t\t\t<a href=\"\/de\/app\/\" target=\"_blank\" rel=\"noopener\">\n\t\t\t\t\t\t\tDOWNLOAD THE NEW APP\n\t\t\t\t\t<\/a>\n\t\t\t<h3>Ballet Barre<\/h3>\t\t\t\n<p>This class focuses on the fundamentals of ballet, combining grace and strength through barre exercises. Ideal for beginners or experienced dancers, it builds balance, alignment, and technique. Enjoy the elegance of ballet while toning your muscles and improving posture.<\/p>\n\t\t\t<h3>Stretching<\/h3>\t\t\t\n<p>Achieve greater flexibility and mobility through this class designed for all levels. With a focus on deep stretching and mindful breathing, you&#8217;ll release tension and prevent injuries. Perfect for enhancing your dance technique or simply feeling more relaxed and limber.<\/p>\n\t\t\t<h3>Strength Training<\/h3>\t\t\t\n<p>Boost your endurance, tone your muscles, and elevate your fitness in this high-energy class. Tailored for dancers and non-dancers, it focuses on full-body strength through dynamic exercises. Build power, stamina, and confidence with this engaging workout.<\/p>\n\t\t\t<h3>Klassisches Ballet (Level I - II)<\/h3>\t\t\t\n<p>Designed for beginners, this class follows a traditional ballet format, starting at the barre focusing on posture and positions, and then continuing with stretching and strengthening exercises. As the class progresses, it incorporates bigger center movement and classic traveling steps. No previous training required, just your enthusiasm!<\/p>\n\t\t\t<h3>Klassisches Ballet (Level III - IV)<\/h3>\t\t\t\n<p>These classes are geared towards dancers who have a good general understanding of ballet technique. Following a traditional ballet class format, starting at the barre, the class includes strengthening exercises and jumps. Previous ballet experience is recommended.<\/p>\n\t\t\t<h3>Klassisches Ballet (Level V)<\/h3>\t\t\t\n<p>For the advanced dancer with a high level of ballet technique, this class continues the tradition of ballet, including a comprehensive range of movements and jumps. Previous ballet experience is absolutely necessary.<\/p>\n\t\t\t<h3>Contemporary Open Level<\/h3>\t\t\t\n<p>With a variety of instructors, our contemporary classes focus on large, fluid movements, encouraging the connection between mind and body. Open to all levels and body types, the classes enhance your body&#8217;s response to the rhythm of contemporary dance.<\/p>\n\t\t\t<h3>Lyrical Jazz<\/h3>\t\t\t\n<p>This expressive form of dance allows personal interpretation of the music. It incorporates elements of technique and traditional jazz but emphasizes the quality of breath and fluidity of movement. No previous experience necessary!<\/p>\n\t\t\t<h3>Improvisation<\/h3>\t\t\t\n<p>\u00a0Improvisation is a vital tool in the modern dance world. Our classes expose dancers to improvisation techniques and resources, encouraging the exploration of unique movement language and choreographic ideas. No experience necessary, just come as you are.<\/p>\n\t\t\t<h3>Hip-Hop<\/h3>\t\t\t\n<p>Get moving to the rhythm! Inspired by music videos, our Hip-Hop class features fun music and cool choreography. It&#8217;s a great way to do something good for your body while simultaneously having a lot of fun! No previous experience necessary.<\/p>\n\t\t\t<h3>Gyrokinesis<\/h3>\t\t\t\n<p>Experience the freedom of movement with Gyrokinesis. This practice awakens the body through spiraling movements, enhancing flexibility and strength. Perfect for increasing mobility and finding balance in your body.<\/p>\n\t\t\t<h3>Klassische Ballet Alle Level<\/h3>\t\t\t\n<p>Providing a full-body workout and improving your ballet technique, this class welcomes dancers of all skill levels. Basic ballet knowledge would be great, but not totally necessary if you&#8217;re up for a bit of a challenge.<\/p>\n\t\t\t<h3>Vinyasa Yoga<\/h3>\t\t\t\n<p>Yoga is a perfect way to let the stresses of your day melt away. This class not only helps reduce stress but also strengthens muscles, increases body flexibility, and improves awareness of your breath.<\/p>\n\t\t\t<h3>Pilates Mat<\/h3>\t\t\t\n<p>Pilates isn&#8217;t just for fitness fanatics. It&#8217;s an accessible way to build strength, better your posture, improve your balance and flexibility. This low-impact class exudes positive energy and is perfect for enhancing your general fitness and overall well-being.<\/p>\n\t\t\t<h3>Pointe<\/h3>\t\t\t\n<p>Elevate your ballet training by stepping into the artistry and strength of pointe work. This class focuses on building the technical skills and endurance needed for pointe shoes. Suitable for experienced ballet dancers looking to refine their craft.<\/p>\n\t\t\t<a href=\"\/de\/schedule\/\" target=\"_blank\" rel=\"noopener\">\n\t\t\t\t\t\t\tJOIN A CLASS!\n\t\t\t\t\t<\/a>\n\t\t\t\t<img decoding=\"async\" src=\"https:\/\/ejvcz4jyy33.exactdn.com\/wp-content\/uploads\/2024\/06\/20230121-bac_storiesbyem_afternoon_126_websize-1.jpg?strip=all&resize=1600%2C1067\" alt=\"braswell arts center\" itemprop=\"image\" height=\"1067\" width=\"1600\" title=\"Braswell Arts Center\" onerror=\"this.style.display='none'\" loading=\"lazy\" \/>\n<h1>\n\t\t\tWorking Professionals Program\t<\/h1>\n\t<p>Our Working Professional Program is designed for adults seeking to balance their passion for dance with their professional lives. This year-round training program offers flexible morning, evening and weekend classes across various dance styles, including ballet, contemporary, improvisation, and more. Participants will receive personalized mentorship and guidance, performance opportunities, and career support tailored to their individual goals. Whether you are rekindling a passion or pursuing dance as a hobby, our program accommodates all skill levels and schedules. Upon completion, participants will receive a certificate. Admission to the program is by application only.<\/p>\n\t\t\t<a href=\"\/de\/working-professionals-program\/\" target=\"_self\">\n\t\t\t\t\t\t\tMehr Infos hier\n\t\t\t\t\t<\/a>\n<h2>\n\t\t\tFINANZIELLE UNTERST\u00dcTZUNG\t<\/h2>\n<h2>\n\t\t\tFAMILIENRABATT\t<\/h2>\n\t<p>10% off for partners, children, or siblings. Discount applies to memberships only.<\/p>\n<h2>\n\t\t\tSTUDENTENRABATT\t<\/h2>\n\t<p>20% off for students under the age of 30 with a student ID. Discount applies to memberships only.<\/p>\n<h2>\n\t\t\tFINANZIELLE UNTERST\u00dcTZUNG\t<\/h2>\n\t<p>Wir freuen uns, den Mitgliedern der<a href=\"https:\/\/www.kulturlegi.ch\/beider-basel\/angebot-detail\/angebot\/braswell-arts-center\/\" target=\"_blank\" rel=\"noopener\">KulturLegi Beider Basel<\/a> as well those who receive Sozialhilfe or Pr\u00e4mienverbilligung (levels 1-15). Children receive a 50% discount and adults receive 20%. Discount applies to memberships only.<\/p>\n<h2>\n\t\t\tR\u00dcCKERSTATTUNG DER KRANKENKASSE\t<\/h2>\n\t<p>Aufgrund unserer Mitgliedschaft bei der\u00a0<a href=\"http:\/\/www.tanzvereinigung-schweiz.ch\/index.php\/mitglieder-details.html?member_id=404\" target=\"_blank\" rel=\"noopener\">Tanzvereinigung Schweiz<\/a>, some health insurance companies (SWICA\u00a0and\u00a0Sympany,\u00a0for example) offer to reimburse some of the cost of our membership fees for both children and adults&#8211;up to CHF 600 per year! This depends on your health insurance company and the specific plan you have with them. Please inquire directly with your health insurance provider to ask if they offer this type of benefit.<\/p>\n\t\t\t\t<img decoding=\"async\" src=\"https:\/\/ejvcz4jyy33.exactdn.com\/wp-content\/uploads\/2024\/06\/20230121-bac_storiesbyem_afternoon_119_websize.jpg?strip=all&resize=1600%2C1067\" alt=\"braswell arts center\" itemprop=\"image\" height=\"1067\" width=\"1600\" title=\"Braswell Arts Center\" onerror=\"this.style.display='none'\" loading=\"lazy\" \/>","protected":false},"excerpt":{"rendered":"<p>ADULT DANCE CLASSES Here is your chance to join Basel&#8217;s popular dance community! Inclusive dance classes\u00a0with live music for all levels and all body types. Lead by Juilliard graduate and internationally renowned teacher, Armando Braswell, and his team of quality artists. CLASS SCHEDULE Studio 1 Studio 2 JOIN US! 1-WEEK TRIAL MEMBERSHIP Join as many [&hellip;]<\/p>","protected":false},"author":1,"featured_media":0,"parent":0,"menu_order":0,"comment_status":"closed","ping_status":"open","template":"","meta":{"_seopress_robots_primary_cat":"","_seopress_titles_title":"","_seopress_titles_desc":"","_seopress_robots_index":"","site-sidebar-layout":"default","site-content-layout":"","ast-site-content-layout":"default","site-content-style":"default","site-sidebar-style":"default","ast-global-header-display":"","ast-banner-title-visibility":"","ast-main-header-display":"","ast-hfb-above-header-display":"","ast-hfb-below-header-display":"","ast-hfb-mobile-header-display":"","site-post-title":"disabled","ast-breadcrumbs-content":"","ast-featured-img":"","footer-sml-layout":"","theme-transparent-header-meta":"","adv-header-id-meta":null,"stick-header-meta":"","header-above-stick-meta":null,"header-main-stick-meta":"","header-below-stick-meta":null,"astra-migrate-meta-layouts":"default","ast-page-background-enabled":"default","ast-page-background-meta":{"desktop":{"background-color":"var(--ast-global-color-4)","background-image":"","background-repeat":"repeat","background-position":"center center","background-size":"auto","background-attachment":"scroll","background-type":"","background-media":"","overlay-type":"","overlay-color":"","overlay-opacity":"","overlay-gradient":""},"tablet":{"background-color":"","background-image":"","background-repeat":"repeat","background-position":"center center","background-size":"auto","background-attachment":"scroll","background-type":"","background-media":"","overlay-type":"","overlay-color":"","overlay-opacity":"","overlay-gradient":""},"mobile":{"background-color":"","background-image":"","background-repeat":"repeat","background-position":"center center","background-size":"auto","background-attachment":"scroll","background-type":"","background-media":"","overlay-type":"","overlay-color":"","overlay-opacity":"","overlay-gradient":""}},"ast-content-background-meta":{"desktop":{"background-color":"var(--ast-global-color-5)","background-image":"","background-repeat":"repeat","background-position":"center center","background-size":"auto","background-attachment":"scroll","background-type":"","background-media":"","overlay-type":"","overlay-color":"","overlay-opacity":"","overlay-gradient":""},"tablet":{"background-color":"var(--ast-global-color-5)","background-image":"","background-repeat":"repeat","background-position":"center center","background-size":"auto","background-attachment":"scroll","background-type":"","background-media":"","overlay-type":"","overlay-color":"","overlay-opacity":"","overlay-gradient":""},"mobile":{"background-color":"var(--ast-global-color-5)","background-image":"","background-repeat":"repeat","background-position":"center center","background-size":"auto","background-attachment":"scroll","background-type":"","background-media":"","overlay-type":"","overlay-color":"","overlay-opacity":"","overlay-gradient":""}},"iawp_total_views":15181,"footnotes":""},"class_list":["post-474","page","type-page","status-publish","hentry"],"_links":{"self":[{"href":"https:\/\/braswellartscenter.com\/de\/wp-json\/wp\/v2\/pages\/474","targetHints":{"allow":["GET"]}}],"collection":[{"href":"https:\/\/braswellartscenter.com\/de\/wp-json\/wp\/v2\/pages"}],"about":[{"href":"https:\/\/braswellartscenter.com\/de\/wp-json\/wp\/v2\/types\/page"}],"author":[{"embeddable":true,"href":"https:\/\/braswellartscenter.com\/de\/wp-json\/wp\/v2\/users\/1"}],"replies":[{"embeddable":true,"href":"https:\/\/braswellartscenter.com\/de\/wp-json\/wp\/v2\/comments?post=474"}],"version-history":[{"count":135,"href":"https:\/\/braswellartscenter.com\/de\/wp-json\/wp\/v2\/pages\/474\/revisions"}],"predecessor-version":[{"id":4057,"href":"https:\/\/braswellartscenter.com\/de\/wp-json\/wp\/v2\/pages\/474\/revisions\/4057"}],"wp:attachment":[{"href":"https:\/\/braswellartscenter.com\/de\/wp-json\/wp\/v2\/media?parent=474"}],"curies":[{"name":"wp","href":"https:\/\/api.w.org\/{rel}","templated":true}]}}