{"id":333,"date":"2019-03-11T07:14:12","date_gmt":"2018-05-03T15:25:28","guid":{"rendered":"https:\/\/braswellartscenter.com\/programs-2\/"},"modified":"2022-11-10T20:58:44","modified_gmt":"2022-11-10T19:58:44","slug":"artist-in-residence","status":"publish","type":"page","link":"https:\/\/braswellartscenter.com\/de\/artist-in-residence\/","title":{"rendered":"Artist In Residence"},"content":{"rendered":"<h2>\n\t\tARTIST-IN-RESIDENCE PROGRAMM\n\t<\/h2>\n<h2>NIMMT JETZT BEWERBUNGEN ENTGEGEN<\/h2>\nYour new Opera. Your new piece for string quartet. Your new solo dance piece. Your new play. Your new sculpture or painting. Created in peace and surrounded by good energy. Supporting artists by providing a space and means to create a new work in all art forms.\nAll genres apply musicians\/artists\/choreographers etc.<br \/>\nBitte sende uns Deinen Lebenslauf und Deine Absichtserkl\u00e4rung.\n\t\t\t<a href=\"mailto:admin@braswellartscenter.com\" target=\"_blank\" role=\"button\" rel=\"noopener\">\n\t\t\t\t\t\t\tBewirb Dich hier f\u00fcr unser Programm\n\t\t\t\t\t<\/a>\n\t<p>Das Braswell Arts Center Artist-in-Residence Programm bietet K\u00fcnstler*innen einen professionellen Kunstraum, um in Basel zu kreieren, zu proben und aufzutreten. Eine neue Initiative, die Entwicklungs- und Auff\u00fchrungsm\u00f6glichkeiten bietet und gleichzeitig aufstrebende oder etablierte K\u00fcnstler*innen unterst\u00fctzt. In Zusammenarbeit mit Basel-Stadt, Basel-Landschaft, Unternehmen, Stiftungen und der \u00d6ffentlichkeit hoffen wir, durch kostenlose Proben- und Auff\u00fchrungsr\u00e4ume sowie die Bereitstellung von Ressourcen und Unterst\u00fctzung eine Mentorenschaft zu schaffen. Eine Chance, sich auf ihre beste Arbeit zu konzentrieren. Wir streben danach, am Ende des Programms qualitativ hochwertige Auff\u00fchrungen f\u00fcr das Publikum anzubieten und dadurch ein neues Publikum zu erreichen und zu f\u00f6rdern, das sonst vielleicht nicht mit der Kunst in Ber\u00fchrung gekommen w\u00e4re.<\/p>\n<h2>\n\t\tPrivater Proberaum\n\t<\/h2>\n\t<p>Nutzung des Braswell Arts Center f\u00fcr eine Probezeit.<\/p>\n<h2>\n\t\tDokumentation\n\t<\/h2>\n\t<p>Each artist will be encouraged to document their experiences in their own way &#8211; for example with videos and\/or voice recordings, written journal entries, etc.<\/p>\n<h2>\n\t\tAUFF\u00dcHRUNG\/AUSSTELLUNG\n\t<\/h2>\n\t<p>Eine \u00f6ffentliche Veranstaltung, bei der der*die K\u00fcnstler*in eine kleine Performance oder Ausstellung f\u00fcr die \u00d6ffentlichkeit pr\u00e4sentieren.<\/p>\n<h2>\n\t\t\u00d6ffentliches Live-Interview\n\t<\/h2>\n\t<p>In Zusammenarbeit mit <em>Interview En L&#8217;air<\/em> dem online Kunstmagazin, laden wir die Gastk\u00fcnstler*innen zu einem Live-Interview ein, das der \u00d6ffentlichkeit zug\u00e4nglich ist.<\/p>\n<h2>\n\t\tOffener Unterricht oder Workshop\n\t<\/h2>\n\t<p>Eine M\u00f6glichkeit, Unterricht in Deinem k\u00fcnstlerischen Bereich zu geben.<\/p>\n<p>Steigere den Bekanntheitsgrad Deiner Arbeit durch eine Marketingkooperation mit dem Braswell Arts Center und kreiere Deine beste Arbeit in einem ruhigen, privaten Raum, einem hochmodernen Studio mit positiver Energie.<\/p>\n<h2>\n\t\tVERGANGENE RESIDENZEN\n\t<\/h2>\n\t<h3>Juni 2019<\/h3>\nBryan Arias<br \/>\nTanzperformance\n\t\t\t\t\t<img decoding=\"async\" src=\"https:\/\/i.ytimg.com\/vi\/L8Xx4bBeRU0\/maxresdefault.jpg\" alt=\"youtube-video-thumbnail\"\/>\n\t<h3>M\u00e4rz 2018<\/h3>\nKihako Narisawa<br \/>\nFigurative Tanzperformance\n\t\t\t\t\t<img decoding=\"async\" src=\"https:\/\/i.ytimg.com\/vi\/JQdtIvS-MjM\/maxresdefault.jpg\" alt=\"youtube-video-thumbnail\"\/>\n\t<h3>Mai 2018<\/h3>\nPedro Martin Rojo<br \/>\nK\u00fcnstler-Galerie Ausstellung\n\t\t\t\t\t<img decoding=\"async\" src=\"https:\/\/i.ytimg.com\/vi\/vrABjAFf7Qk\/maxresdefault.jpg\" alt=\"youtube-video-thumbnail\"\/>\n\t<h3>November 2017<\/h3>\nRoderick George<br \/>\nKnoname K\u00fcnstler\/Tanzperformance\n\t\t\t\t\t<img decoding=\"async\" src=\"https:\/\/i.ytimg.com\/vi\/wMhLz_Z_tIk\/maxresdefault.jpg\" alt=\"youtube-video-thumbnail\"\/>","protected":false},"excerpt":{"rendered":"<p>ARTIST-IN-RESIDENCE PROGRAM NOW ACCEPTING APPLICATIONS Your new Opera. Your new piece for string quartet. Your new solo dance piece. Your new play. Your new sculpture or painting. Created in peace and surrounded by good energy. Supporting artists by providing a space and means to create a new work in all art forms. All genres apply [&hellip;]<\/p>","protected":false},"author":1,"featured_media":0,"parent":0,"menu_order":0,"comment_status":"closed","ping_status":"open","template":"","meta":{"_seopress_robots_primary_cat":"","_seopress_titles_title":"","_seopress_titles_desc":"","_seopress_robots_index":"","site-sidebar-layout":"default","site-content-layout":"","ast-site-content-layout":"default","site-content-style":"default","site-sidebar-style":"default","ast-global-header-display":"","ast-banner-title-visibility":"","ast-main-header-display":"","ast-hfb-above-header-display":"","ast-hfb-below-header-display":"","ast-hfb-mobile-header-display":"","site-post-title":"disabled","ast-breadcrumbs-content":"","ast-featured-img":"","footer-sml-layout":"","theme-transparent-header-meta":"","adv-header-id-meta":null,"stick-header-meta":"","header-above-stick-meta":null,"header-main-stick-meta":"","header-below-stick-meta":null,"astra-migrate-meta-layouts":"default","ast-page-background-enabled":"default","ast-page-background-meta":{"desktop":{"background-color":"var(--ast-global-color-4)","background-image":"","background-repeat":"repeat","background-position":"center center","background-size":"auto","background-attachment":"scroll","background-type":"","background-media":"","overlay-type":"","overlay-color":"","overlay-opacity":"","overlay-gradient":""},"tablet":{"background-color":"","background-image":"","background-repeat":"repeat","background-position":"center center","background-size":"auto","background-attachment":"scroll","background-type":"","background-media":"","overlay-type":"","overlay-color":"","overlay-opacity":"","overlay-gradient":""},"mobile":{"background-color":"","background-image":"","background-repeat":"repeat","background-position":"center center","background-size":"auto","background-attachment":"scroll","background-type":"","background-media":"","overlay-type":"","overlay-color":"","overlay-opacity":"","overlay-gradient":""}},"ast-content-background-meta":{"desktop":{"background-color":"var(--ast-global-color-5)","background-image":"","background-repeat":"repeat","background-position":"center center","background-size":"auto","background-attachment":"scroll","background-type":"","background-media":"","overlay-type":"","overlay-color":"","overlay-opacity":"","overlay-gradient":""},"tablet":{"background-color":"var(--ast-global-color-5)","background-image":"","background-repeat":"repeat","background-position":"center center","background-size":"auto","background-attachment":"scroll","background-type":"","background-media":"","overlay-type":"","overlay-color":"","overlay-opacity":"","overlay-gradient":""},"mobile":{"background-color":"var(--ast-global-color-5)","background-image":"","background-repeat":"repeat","background-position":"center center","background-size":"auto","background-attachment":"scroll","background-type":"","background-media":"","overlay-type":"","overlay-color":"","overlay-opacity":"","overlay-gradient":""}},"iawp_total_views":783,"footnotes":""},"class_list":["post-333","page","type-page","status-publish","hentry"],"_links":{"self":[{"href":"https:\/\/braswellartscenter.com\/de\/wp-json\/wp\/v2\/pages\/333","targetHints":{"allow":["GET"]}}],"collection":[{"href":"https:\/\/braswellartscenter.com\/de\/wp-json\/wp\/v2\/pages"}],"about":[{"href":"https:\/\/braswellartscenter.com\/de\/wp-json\/wp\/v2\/types\/page"}],"author":[{"embeddable":true,"href":"https:\/\/braswellartscenter.com\/de\/wp-json\/wp\/v2\/users\/1"}],"replies":[{"embeddable":true,"href":"https:\/\/braswellartscenter.com\/de\/wp-json\/wp\/v2\/comments?post=333"}],"version-history":[{"count":9,"href":"https:\/\/braswellartscenter.com\/de\/wp-json\/wp\/v2\/pages\/333\/revisions"}],"predecessor-version":[{"id":2881,"href":"https:\/\/braswellartscenter.com\/de\/wp-json\/wp\/v2\/pages\/333\/revisions\/2881"}],"wp:attachment":[{"href":"https:\/\/braswellartscenter.com\/de\/wp-json\/wp\/v2\/media?parent=333"}],"curies":[{"name":"wp","href":"https:\/\/api.w.org\/{rel}","templated":true}]}}