{"id":2453,"date":"2022-02-15T10:19:41","date_gmt":"2022-02-15T09:19:41","guid":{"rendered":"https:\/\/braswellartscenter.com\/?page_id=2453"},"modified":"2026-02-21T14:35:23","modified_gmt":"2026-02-21T13:35:23","slug":"holiday-arts-camp","status":"publish","type":"page","link":"https:\/\/braswellartscenter.com\/de\/holiday-arts-camp\/","title":{"rendered":"Holiday Arts Camp"},"content":{"rendered":"<h2>\n\t\t\tHOLIDAY ARTS CAMP\t<\/h2>\n\t<p>Offering full or half-day camp options for children ages 5+<\/p>\n<p>Daily classes in music, art, and dance with high-quality teachers to inspire the next generation of young artists<\/p>\n\t<p>Fr\u00fchlings Arts Camps<\/p>\n<h2>March 30th-April 2nd<\/h2>\n\t<p>Sommer Kunst Camps<\/p>\n<h2>June 29th-July 3rd<\/h2>\n<h2>August 3rd-7th<\/h2>\n<p>&nbsp;<\/p>\n\t<p><strong>DANCE &#8212;\u00a0<\/strong><strong>ART \/ CRAFTS\u00a0 &#8212;<\/strong>\u00a0<strong>MUSIK<\/strong>\u00a0<strong>&#8212; DAILY OUTINGS<\/strong><\/p>\n\t<p>Wir freuen uns auf eine unvergessliche Woche voller Musik, Kunst und Tanz mit Dir!<\/p>\n\t\t\t<a href=\"https:\/\/braswellartscenter.payrexx.com\/pay?tid=06102f3a\" target=\"_blank\" rel=\"noopener\">\n\t\t\t\t\t\t\tHIER ANMELDEN\n\t\t\t\t\t<\/a>\n\t<h3>BAC ARTS CAMP TRAILER VON MAX ZACHRISSON<\/h3>\n\t\t<iframe loading=\"lazy\" title=\"BAC Summer Arts Camp\" width=\"500\" height=\"281\" src=\"https:\/\/www.youtube.com\/embed\/i_f-mhO7BpY?feature=oembed\" frameborder=\"0\" allow=\"accelerometer; autoplay; clipboard-write; encrypted-media; gyroscope; picture-in-picture; web-share\" referrerpolicy=\"strict-origin-when-cross-origin\" allowfullscreen><\/iframe>\t\n<h2>\n\t\t\tZEITEN UND PREISE\t<\/h2>\n\t<p>Half-Day (9:00-12:00):<\/p>\n<p>Full-Day (9:00-17:00):<\/p>\n\t<p>CHF 350 per week \/ CHF 80 per day<\/p>\n<p>CHF 700 per week \/ CHF 150 per day<\/p>\n\t<p>A healthy morning &amp; afternoon snack is provided for all children<\/p>\n<p>Mittagessen wird f\u00fcr die Ganztagescamper bereitgestellt<\/p>\n<p>Our team speak English, German, and Italian<\/p>\n<p>Secure facilities and a central location<\/p>\n<p>Please see below for information about the daily schedule, sibling discounts and financial aid<\/p>\n\t<h3>ARTS CAMP SHORTS<\/h3>\n  <iframe loading=\"lazy\" width=\"472\" height=\"839\" src=\"https:\/\/www.youtube.com\/embed\/-x6ZphZ0y38\" title=\"Spring Arts Camp 2023\" frameborder=\"0\" allow=\"accelerometer; autoplay; clipboard-write; encrypted-media; gyroscope; picture-in-picture; web-share\" allowfullscreen><\/iframe>\n <iframe loading=\"lazy\" width=\"472\" height=\"839\" src=\"https:\/\/www.youtube.com\/embed\/ViFRFfhaW3E\" title=\"Join the festive fun at our Holiday Arts Camp!\" frameborder=\"0\" allow=\"accelerometer; autoplay; clipboard-write; encrypted-media; gyroscope; picture-in-picture; web-share\" allowfullscreen><\/iframe>\n\t\t\t<a href=\"https:\/\/braswellartscenter.payrexx.com\/pay?tid=06102f3a\" target=\"_blank\" rel=\"noopener\">\n\t\t\t\t\t\t\tHIER ANMELDEN\n\t\t\t\t\t<\/a>\n<h2>\n\t\t\tCAMP SCHEDULE\t<\/h2>\n<p><strong>9:00 &#8211; 9:15<\/strong>\u00a0 \u00a0 \u00a0 \u00a0 \u00a0Freies Spiel \/ Drop-Off<\/p>\n<p><strong>9:15 &#8211; 10:30<\/strong>\u00a0 \u00a0 \u00a0 \u00a0Dance, Music or Art Class<\/p>\n<p><strong>10:30 &#8211; 10:45<\/strong>\u00a0 \u00a0 \u00a0Vormittagssnack<\/p>\n<p><strong>10:45 &#8211; 12:00<\/strong>\u00a0 \u00a0 \u00a0Dance, Music or Art Class<\/p>\n<p><strong>12:00 &#8211; 13:00<\/strong>\u00a0 \u00a0 \u00a0 Mittagessen<\/p>\n<p><strong>13:00 &#8211; 15:30<\/strong>\u00a0 \u00a0 \u00a0 Outing to playground, museum, etc.<\/p>\n<p><strong>15:30 &#8211; 15:45<\/strong>\u00a0 \u00a0 \u00a0 Nachmittagssnack<\/p>\n<p><strong>15:45 &#8211; 17:00<\/strong>\u00a0 \u00a0 \u00a0 Dance, Music or Art Class<\/p>\n\t\t\t<a href=\"https:\/\/braswellartscenter.payrexx.com\/pay?tid=06102f3a\" target=\"_blank\" rel=\"noopener\">\n\t\t\t\t\t\t\tHIER ANMELDEN\n\t\t\t\t\t<\/a>\n  <iframe loading=\"lazy\" width=\"472\" height=\"839\" src=\"https:\/\/www.youtube.com\/embed\/Q-0EiL3jKxk\" title=\"Dive into a world of creativity at our Holiday Arts Camp!\" frameborder=\"0\" allow=\"accelerometer; autoplay; clipboard-write; encrypted-media; gyroscope; picture-in-picture; web-share\" allowfullscreen><\/iframe>\n <iframe loading=\"lazy\" width=\"472\" height=\"839\" src=\"https:\/\/www.youtube.com\/embed\/B_LGlvgHwO0\" title=\"Unlock your child's artistic potential\" frameborder=\"0\" allow=\"accelerometer; autoplay; clipboard-write; encrypted-media; gyroscope; picture-in-picture; web-share\" allowfullscreen><\/iframe>\n<h2>\n\t\t\tWHAT WE DO\t<\/h2>\n<h2>\n\t\t\tTANZ \/ KOMPOSITION\t<\/h2>\n\t<p>Die Kinder lernen, ihren K\u00f6rper auf kreative Weise zu bewegen, w\u00e4hrend sie Elemente professioneller Tanztechniken erkunden. Ein besonderer Schwerpunkt liegt auf der Grundkomposition und der Individualit\u00e4t, die zu einer kleinen Kreation f\u00fchrt. Unser Unterricht f\u00f6rdert ein positives Selbstbild und ist f\u00fcr alle Altersgruppen und K\u00f6rpertypen geeignet.<\/p>\n<h2>\n\t\t\tMUSIK\t<\/h2>\n\t<p>In den Musikstunden werden die Kinder singen, sprechen, tanzen und spielen, w\u00e4hrend sie gemeinsam Musik machen. Sie setzen ihre Stimmen, K\u00f6rper, Requisiten und Gegenst\u00e4nde aus ihrer Umgebung ein, um die Welt der Kl\u00e4nge zu entdecken und sich mit ihr auseinanderzusetzen.<\/p>\n<h2>\n\t\t\tKUNST \/ HANDWERK\t<\/h2>\n\t<p>Our young artists are given a guided experience through multiple &#8220;colors&#8221; of Art. From painting to crafting, the children are encouraged to create every day and mentored through different styles and basic techniques. This program will also introduce elements of fashion and sustainable art, and we hope to cover our walls with daily &#8220;exhibitions.&#8221;<\/p>\n<h2>\n\t\t\tDAILY OUTINGS\t<\/h2>\n\t<p>In the afternoon, the children go outside together with our experienced team to explore the beautiful playgrounds and museums our city has to offer. Some examples of places we go are Kannenfeldpark, Lange Erlen, the Natural History museum, or the zoo.<\/p>\n<h2>\n\t\t\tTEAM\t<\/h2>\n\t\t\t\t<img decoding=\"async\" src=\"https:\/\/ejvcz4jyy33.exactdn.com\/wp-content\/uploads\/2021\/06\/BAC_Portraits-10-3.jpg?strip=all&w=1920\" alt=\"BAC_Portraits-10-3\" title=\"BAC_Portraits-10-3\" itemprop=\"image\"\/>\n\t\t\t\t \n\t\t<h3>Armando Braswell<\/h3>\t\t\t\t\t\n\t\t\t\t<img decoding=\"async\" src=\"https:\/\/ejvcz4jyy33.exactdn.com\/wp-content\/uploads\/2021\/08\/BAC_Portraits-11-512x640-1.jpeg?strip=all&w=1920\" alt=\"BAC_Portraits-11-512x640\" title=\"BAC_Portraits-11-512x640\" itemprop=\"image\"\/>\n\t\t\t\t \n\t\t<h3>Lisa Braswell<\/h3>\t\t\t\t\t\n\t\t\t\t<img decoding=\"async\" src=\"https:\/\/ejvcz4jyy33.exactdn.com\/wp-content\/uploads\/2021\/08\/Irene-512x640-1.jpeg?strip=all&w=1920\" alt=\"Irene-512x640\" title=\"Irene-512x640\" itemprop=\"image\"\/>\n\t\t\t\t \n\t\t<h3>Irene Gisler<\/h3>\t\t\t\t\t\n\t\t\t\t<img decoding=\"async\" src=\"https:\/\/ejvcz4jyy33.exactdn.com\/wp-content\/uploads\/2024\/08\/giuseppe-bencivenga-braswell-arts-center.jpg?strip=all&w=1920\" alt=\"giuseppe bencivenga braswell arts center\" title=\"Giuseppe Bencivenga - Braswell Arts Center\" itemprop=\"image\"\/>\n\t\t\t\t \n\t\t<h3>Giuseppe Bencivenga<\/h3>\t\t\t\t\t\n\t\t\t\t<img decoding=\"async\" src=\"https:\/\/ejvcz4jyy33.exactdn.com\/wp-content\/uploads\/2023\/07\/tomohiro-iino.jpg?strip=all&w=1920\" alt=\"tomohiro iino\" title=\"Tomohiro Iino\" itemprop=\"image\"\/>\n\t\t\t\t \n\t\t<h3>Tomohiro Iino<\/h3>\t\t\t\t\t\n\t\t\t\t<img decoding=\"async\" src=\"https:\/\/ejvcz4jyy33.exactdn.com\/wp-content\/uploads\/2020\/06\/Vaslav.jpg?strip=all&w=1920\" alt=\"Vaslav portrait -  Camp Team - Braswell Arts Center\" title=\"Vaslav portrait -  Camp Team - Braswell Arts Center\" itemprop=\"image\"\/>\n\t\t\t\t \n\t\t<h3>Vaclav Palka<\/h3>\t\t\t\t\t\n  <iframe loading=\"lazy\" width=\"472\" height=\"839\" src=\"https:\/\/www.youtube.com\/embed\/ExztWx4HIU8\" title=\"In the latest feature of #BACSpotlightShorts, we turn our attention to arts with, Irene Gisler.\" frameborder=\"0\" allow=\"accelerometer; autoplay; clipboard-write; encrypted-media; gyroscope; picture-in-picture; web-share\" allowfullscreen><\/iframe>\n <iframe loading=\"lazy\" width=\"472\" height=\"839\" src=\"https:\/\/www.youtube.com\/embed\/BPwxheA2aRU\" title=\"Keep the creativity alive during school breaks!\" frameborder=\"0\" allow=\"accelerometer; autoplay; clipboard-write; encrypted-media; gyroscope; picture-in-picture; web-share\" allowfullscreen><\/iframe>\n<h2>\n\t\t\tANMELDUNG\t<\/h2>\n\t\t\t<a href=\"https:\/\/braswellartscenter.payrexx.com\/pay?tid=06102f3a\" target=\"_blank\" rel=\"noopener\">\n\t\t\t\t\t\t\tHIER ANMELDEN\n\t\t\t\t\t<\/a>\n<p>All camps take place at the Braswell Arts Center located at Aeschenvorstadt 52 in Basel.<\/p>\n<p>Bitte beachte, dass die Versicherung in der Verantwortung der Teilnehmenden liegt.<\/p>\n<p>If you&#8217;d like to pay via bank transfer, please send an email with your child&#8217;s name, birthdate, telephone number and which weeks your child would like to join to\u00a0<a href=\"mailto:admin@braswellartscenter.com\" target=\"_blank\" rel=\"noopener\" data-id=\"0\">admin@braswellartscenter.com<\/a>.<\/p>\n<p>Bitte \u00fcberweise Deine Zahlung auf das folgende Konto:<\/p>\nBraswell Arts Center\nIBAN: CH230023323320149401W\nBIC: UBSWCHZH80A\n<h2>\n\t\t\tFINANZIELLE UNTERST\u00dcTZUNG\t<\/h2>\n<h2>\n\t\t\tFAMILIENRABATT\t<\/h2>\n\t<p>10% Rabatt f\u00fcr Geschwister<\/p>\n<h2>\n\t\t\tFINANZIELLE UNTERST\u00dcTZUNG\t<\/h2>\n\t<p>Wir freuen uns, den Mitgliedern der<a href=\"https:\/\/www.kulturlegi.ch\/beider-basel\/angebot-detail\/angebot\/braswell-arts-center\/\" target=\"_blank\" rel=\"noopener\">KulturLegi Beider Basel<\/a> as well those who receive Pr\u00e4mienverbilligung (levels 1-15) or Sozialhilfe by offering discounts on our memberships. Children receive a 50% discount and adults receive 20%.<\/p>\n<h2>\n\t\t\tR\u00dcCKERSTATTUNG DER KRANKENKASSE\t<\/h2>\n\t<p>Aufgrund unserer Mitgliedschaft bei der\u00a0<a href=\"http:\/\/www.tanzvereinigung-schweiz.ch\/index.php\/mitglieder-details.html?member_id=404\" target=\"_blank\" rel=\"noopener\">Tanzvereinigung Schweiz<\/a>, some health insurance companies (SWICA and Sympany,for example) offer to reimburse some of the cost of our membership fees for both children and adults&#8211;up to CHF 600 per year! This depends on your health insurance company and the specific plan you have with them. Please inquire directly with your health insurance provider to ask if they offer this type of benefit.<\/p>\n\t\t\t<a href=\"https:\/\/braswellartscenter.payrexx.com\/pay?tid=06102f3a\" target=\"_blank\" rel=\"noopener\">\n\t\t\t\t\t\t\tHIER ANMELDEN\n\t\t\t\t\t<\/a>","protected":false},"excerpt":{"rendered":"<p>HOLIDAY ARTS CAMP Offering full or half-day camp options for children ages 5+ Daily classes in music, art, and dance with high-quality teachers to inspire the next generation of young artists Spring Arts Camps March 30th-April 2nd Summer Arts Camps June 29th-July 3rd August 3rd-7th &nbsp; DANCE &#8212;\u00a0ART \/ CRAFTS\u00a0 &#8212;\u00a0MUSIC EXPLORATION\u00a0&#8212; DAILY OUTINGS Sign [&hellip;]<\/p>","protected":false},"author":3,"featured_media":0,"parent":0,"menu_order":0,"comment_status":"closed","ping_status":"open","template":"","meta":{"_seopress_robots_primary_cat":"","_seopress_titles_title":"","_seopress_titles_desc":"","_seopress_robots_index":"","site-sidebar-layout":"default","site-content-layout":"default","ast-site-content-layout":"default","site-content-style":"default","site-sidebar-style":"default","ast-global-header-display":"","ast-banner-title-visibility":"","ast-main-header-display":"","ast-hfb-above-header-display":"","ast-hfb-below-header-display":"","ast-hfb-mobile-header-display":"","site-post-title":"disabled","ast-breadcrumbs-content":"","ast-featured-img":"","footer-sml-layout":"","theme-transparent-header-meta":"default","adv-header-id-meta":"","stick-header-meta":"default","header-above-stick-meta":"","header-main-stick-meta":"","header-below-stick-meta":"","astra-migrate-meta-layouts":"default","ast-page-background-enabled":"default","ast-page-background-meta":{"desktop":{"background-color":"var(--ast-global-color-4)","background-image":"","background-repeat":"repeat","background-position":"center center","background-size":"auto","background-attachment":"scroll","background-type":"","background-media":"","overlay-type":"","overlay-color":"","overlay-opacity":"","overlay-gradient":""},"tablet":{"background-color":"","background-image":"","background-repeat":"repeat","background-position":"center center","background-size":"auto","background-attachment":"scroll","background-type":"","background-media":"","overlay-type":"","overlay-color":"","overlay-opacity":"","overlay-gradient":""},"mobile":{"background-color":"","background-image":"","background-repeat":"repeat","background-position":"center center","background-size":"auto","background-attachment":"scroll","background-type":"","background-media":"","overlay-type":"","overlay-color":"","overlay-opacity":"","overlay-gradient":""}},"ast-content-background-meta":{"desktop":{"background-color":"var(--ast-global-color-5)","background-image":"","background-repeat":"repeat","background-position":"center center","background-size":"auto","background-attachment":"scroll","background-type":"","background-media":"","overlay-type":"","overlay-color":"","overlay-opacity":"","overlay-gradient":""},"tablet":{"background-color":"var(--ast-global-color-5)","background-image":"","background-repeat":"repeat","background-position":"center center","background-size":"auto","background-attachment":"scroll","background-type":"","background-media":"","overlay-type":"","overlay-color":"","overlay-opacity":"","overlay-gradient":""},"mobile":{"background-color":"var(--ast-global-color-5)","background-image":"","background-repeat":"repeat","background-position":"center center","background-size":"auto","background-attachment":"scroll","background-type":"","background-media":"","overlay-type":"","overlay-color":"","overlay-opacity":"","overlay-gradient":""}},"iawp_total_views":6152,"footnotes":""},"class_list":["post-2453","page","type-page","status-publish","hentry"],"_links":{"self":[{"href":"https:\/\/braswellartscenter.com\/de\/wp-json\/wp\/v2\/pages\/2453","targetHints":{"allow":["GET"]}}],"collection":[{"href":"https:\/\/braswellartscenter.com\/de\/wp-json\/wp\/v2\/pages"}],"about":[{"href":"https:\/\/braswellartscenter.com\/de\/wp-json\/wp\/v2\/types\/page"}],"author":[{"embeddable":true,"href":"https:\/\/braswellartscenter.com\/de\/wp-json\/wp\/v2\/users\/3"}],"replies":[{"embeddable":true,"href":"https:\/\/braswellartscenter.com\/de\/wp-json\/wp\/v2\/comments?post=2453"}],"version-history":[{"count":11,"href":"https:\/\/braswellartscenter.com\/de\/wp-json\/wp\/v2\/pages\/2453\/revisions"}],"predecessor-version":[{"id":4112,"href":"https:\/\/braswellartscenter.com\/de\/wp-json\/wp\/v2\/pages\/2453\/revisions\/4112"}],"wp:attachment":[{"href":"https:\/\/braswellartscenter.com\/de\/wp-json\/wp\/v2\/media?parent=2453"}],"curies":[{"name":"wp","href":"https:\/\/api.w.org\/{rel}","templated":true}]}}