{"id":1797,"date":"2021-08-24T09:48:07","date_gmt":"2021-08-24T07:48:07","guid":{"rendered":"https:\/\/braswellartscenter.com\/?page_id=1797"},"modified":"2023-12-31T14:06:47","modified_gmt":"2023-12-31T13:06:47","slug":"faq","status":"publish","type":"page","link":"https:\/\/braswellartscenter.com\/de\/faq\/","title":{"rendered":"FAQ"},"content":{"rendered":"<h1>\n\t\tH\u00c4UFIG GESTELLTE FRAGEN\n\t<\/h1>\n\t<p>Willkommen auf unserer FAQ-Seite!<\/p>\nWir hoffen, dass Du hier Antworten auf Deine Fragen zum Braswell Arts Center findest.<br \/>\nWenn Du weitere Fragen hast, kannst Du uns jederzeit eine E-Mail an admin@braswellartscenter.com schicken.\n<h2>\n\t\tIN DER NACHBARSCHAFT\n\t<\/h2>\n\t\t\t\t\t\t\t\t\t\t<h4 tabindex=\"0\">PARKEN<\/h4>\n\t\t\t\t\t<p>Steinenschanze entrance of the\u00a0Parkhaus &#8220;Steinen&#8221;<\/p>\n\t\t\t\t\t\t\t\t\t\t<h4 tabindex=\"0\">BANKOMAT<\/h4>\n\t\t\t\t\t<p>Basler Kantonalbank &#8211; Steinenvorstadt 34<\/p>\n<p>Basellandschaftliche Kantonalbank &#8211; Zoo main entrance<\/p>\n\t\t\t\t\t\t\t\t\t\t<h4 tabindex=\"0\">\u00d6FFENTLICHE VERKEHRSMITTEL<\/h4>\n\t\t\t\t\t<p>Diverse Tramlinien bis Station Aeschenplatz<\/p>\n<p>Diverse Buslinien bis Station Aeschenplatz<\/p>\n\t\t\t\t\t\t\t\t\t\t<h4 tabindex=\"0\">SUPERMARKT<\/h4>\n\t\t\t\t\t<p>Coop Basel Bachletten &#8211; Steinenring 45<\/p>\n<p>Migros Sch\u00fctzenmatt &#8211; Sch\u00fctzenmattstrasse 27<\/p>\n\t\t\t\t\t\t\t\t\t\t<h4 tabindex=\"0\">TANZZUBEH\u00d6R<\/h4>\n\t\t\t\t\t<p>Wir haben eine Zusammenarbeit mit dem untenstehenden Tanzshop. Um einen Rabatt zu erhalten, verwende den folgenden Link:<\/p>\n<p><a href=\"https:\/\/shopera.ch\/tanzschule\/braswell-arts-center\/\">https:\/\/shopera.ch\/tanzschule\/braswell-arts-center\/<\/a><\/p>\n<p>Du kannst das Gesch\u00e4ft auch pers\u00f6nlich besuchen:<\/p>\n<p>Ballet Shop Op\u00e9ra &#8211; Toteng\u00e4sslein 13, 4051 Basel<\/p>\n<h2>\n\t\tALLGEMEINE FRAGEN\n\t<\/h2>\n\t\t\t\t\t\t\t\t\t\t<h4 tabindex=\"0\">IN WELCHER SPRACHE FINDET DER UNTERRICHT STATT?<\/h4>\n\t\t\t\t\t<p>All of our adult classes are taught in English although our teachers speak and understand German as well. The children&#8217;s classes are taught in a mixture of both German and English, depending on what works best for each child.<\/p>\n\t\t\t\t\t\t\t\t\t\t<h4 tabindex=\"0\">WELCHES ALTER HABEN IHRE MITGLIEDER?<\/h4>\n\t\t\t\t\t<p>Wir freuen uns und sind stolz darauf, dass unsere Mitglieder zwischen 4 und 70 Jahre alt sind, und wir hoffen, dass wir diese Altersspanne so weit wie m\u00f6glich ausdehnen k\u00f6nnen.\u00a0<\/p>\n\t\t\t\t\t\t\t\t\t\t<h4 tabindex=\"0\">ICH HABE NOCH KEINE TANZERFAHRUNG. KANN ICH TROTZDEM MITMACHEN?<\/h4>\n\t\t\t\t\t<p>Ja! Das BAC wurde auf der Grundlage des Trainings von Nicht-Profis in einer professionellen, aber unterst\u00fctzenden Atmosph\u00e4re gegr\u00fcndet. Wir freuen uns, Menschen aller Niveaus, Altersgruppen und Erfahrungen bei uns im BAC zu haben und bem\u00fchen uns, das Geschenk des Tanzes so vielen Menschen wie m\u00f6glich zu bringen!<\/p>\n\t\t\t\t\t\t\t\t\t\t<h4 tabindex=\"0\">WAS IST DER UNTERSCHIED ZWISCHEN DEN KLASSENSTUFEN F\u00dcR ERWACHSENE?<\/h4>\n\t\t\t\t\t<p>To explain a bit about the class levels, the Intermediate and Advanced classes are faster-paced and are geared towards people who already have an established foundation in dance and while the teacher is definitely teaching technique, etc. in the classes, the people in the class don&#8217;t necessarily need things to be explained like proper placement, technique etc. We certainly welcome questions and are more than happy to help with these things, but we wouldn&#8217;t necessarily break these things down unless specifically asked as the Intermediate and Advanced classes are for people more interested in improving and building on the technique they already have.\u00a0<\/p>\n<p>Die Anf\u00e4ngerkurse sind f\u00fcr Personen ohne vorherige Tanzausbildung und f\u00fcr diejenigen, die vor allem Hilfe bei Technik, Platzierung, K\u00f6rperhaltung usw. suchen. Die \u00dcbungen sind grundlegender und werden von den Lehrkr\u00e4ften besser erkl\u00e4rt und erl\u00e4utert.\u00a0<\/p>\n\t\t\t\t\t\t\t\t\t\t<h4 tabindex=\"0\">HABEN SIE AUCH M\u00c4NNER IN EUREN KURSEN?<\/h4>\n\t\t\t\t\t<p>Wir haben zwar auch M\u00e4nner in unseren Kursen, aber nicht so viele, wie wir uns w\u00fcnschen w\u00fcrden. Wir ermutigen M\u00e4nner, sich uns anzuschliessen!\u00a0<\/p>\n\t\t\t\t\t\t\t\t\t\t<h4 tabindex=\"0\">WAS SOLL ICH ANZIEHEN?<\/h4>\n\t\t\t\t\t<p>We would recommend wearing the type of clothes you usually wear to exercise in. If you have ballet or jazz shoes, that would be great, however socks or bare feet would also be fine, depending on how you feel most comfortable. The dance surface of the Braswell Arts Center is a sprung floor, made especially for dance. If attending a pilates or yoga class, please bring your own mat. If attending a HipHop class, we ask you to wear clean trainers. And don&#8217;t forget your water bottle!<\/p>\n\t\t\t\t\t\t\t\t\t\t<h4 tabindex=\"0\">WHERE CAN I BUY DANCE CLOTHES &#038; SHOES?<\/h4>\n\t\t\t\t\t<p>Wir haben eine Zusammenarbeit mit dem untenstehenden Tanzshop. Um einen Rabatt zu erhalten, verwende den folgenden Link:<\/p>\n<p><a href=\"https:\/\/shopera.ch\/tanzschule\/braswell-arts-center\/\">https:\/\/shopera.ch\/tanzschule\/braswell-arts-center\/<\/a><\/p>\n<p>Du kannst das Gesch\u00e4ft auch pers\u00f6nlich besuchen:<\/p>\n<p>Ballet Shop Op\u00e9ra &#8211; Toteng\u00e4sslein 13, 4051 Basel<\/p>\n\t\t\t\t\t\t\t\t\t\t<h4 tabindex=\"0\">HABT IHR IN ALL EUREN KURSEN LIVE-MUSIK?<\/h4>\n\t\t\t\t\t<p>Wir sind stolz darauf, Live-Musikbegleitung durch ein wunderbares Team von Musiker*innen f\u00fcr alle unsere Ballettkurse f\u00fcr Erwachsene sowie f\u00fcr die meisten zeitgen\u00f6ssischen und Jazzkurse f\u00fcr Erwachsene anzubieten.<\/p>\n\t\t\t\t\t\t\t\t\t\t<h4 tabindex=\"0\">GIBT ES UMKLEIDER\u00c4UME?<\/h4>\n\t\t\t\t\t<p>Ja, wir haben einen Umkleideraum zur Verf\u00fcgung.<\/p>\n\t\t\t\t\t\t\t\t\t\t<h4 tabindex=\"0\">GIBT ES DUSCHEN?<\/h4>\n\t\t\t\t\t<p>Nein, leider haben wir an der Austrasse keine Duschen.<\/p>\n<h2>\n\t\tFRAGEN VOR DEM BEITRITT\n\t<\/h2>\n\t\t\t\t\t\t\t\t\t\t<h4 tabindex=\"0\"> I&#8217;M INTERESTED IN JOINING. CAN I TRY A CLASS?<\/h4>\n\t\t\t\t\t<p>Ja, das kannst Du!<\/p>\n<p>F\u00fcr Erwachsene bieten wir eine spezielle 1-w\u00f6chige Probemitgliedschaft f\u00fcr CHF 30. Mit dieser Probewoche hast Du eine ganze Woche lang unbegrenzten Zugang und kannst so viele Erwachsenenkurse besuchen, wie Du m\u00f6chtest. F\u00fcr weitere Informationen siehe\u00a0<a href=\"https:\/\/braswellartscenter.com\/de\/adult-dance-classes\/\" data-type=\"page\" data-id=\"474\" data-title=\"Adult Dance Classes\">hier<\/a>.<\/p>\n<p>For children, we offer one free trial class which you can schedule by\u00a0sending an email with your child&#8217;s name and the class they would like to try to\u00a0<a href=\"mailto:admin@braswellartscenter.com\" target=\"_blank\" rel=\"noopener\">admin@braswellartscenter.com<\/a>. After one free class, we ask that you pay CHF 25 for each additional trial class which can be paid directly at the studio with cash EC\/credit card shortly before the class. Please note your child&#8217;s trial class is not confirmed until you receive a reply.<\/p>\n\t\t\t\t\t\t\t\t\t\t<h4 tabindex=\"0\">WHAT TYPE OF MEMBERSHIPS OPTIONS ARE AVAILABLE?<\/h4>\n\t\t\t\t\t<p><strong>Membership Classes<\/strong>: Exclusive classes with unlimited access for members, providing high-quality, consistent dance training and community engagement.<\/p>\n<p><strong>Drop-In Classes<\/strong>: Flexible classes ideal for those with unpredictable schedules or who prefer no long-term commitment, offering the freedom to join classes at convenience.<\/p>\n<p><strong>Hybrid Classes<\/strong>: Combining the benefits for both members and non-members, these classes offer variety and occasional participation, suitable for all.<\/p>\n<p><strong>BAC Kids Membership Classes<\/strong>: A special program for kids focusing on multi-arts, self-discipline, and creativity, featuring a 20-Class Membership for consistent learning and additional class options.<\/p>\n\t\t\t\t\t\t\t\t\t\t<h4 tabindex=\"0\">KANN ICH JEDERZEIT EINSTEIGEN?<\/h4>\n\t\t\t\t\t<p>Yes, we have new members joining every week. The people taking our classes change each time so the class does not &#8220;build&#8221; from one week to another. Similar to yoga and pilates classes, the class is different every time so it is not necessary to join the same class from week to week.<\/p>\n\t\t\t\t\t\t\t\t\t\t<h4 tabindex=\"0\">KANN ICH F\u00dcR EINEN EINZELNEN KURS BEZAHLEN? BIETET IHR DROP-IN-KURSE AN?<\/h4>\n\t\t\t\t\t<p>Yes. We now offer Drop-In classes to accommodate those with an unpredictable schedule.<\/p>\n\t\t\t\t\t\t\t\t\t\t<h4 tabindex=\"0\">I REALLY WANT TO BE A MEMBER, BUT I CAN ONLY ATTEND 1 CLASS PER WEEK. WHAT ARE MY OPTIONS?<\/h4>\n\t\t\t\t\t<p>We do offer a once a week membership option. Please visit the adult classes page for more information.<\/p>\n\t\t\t\t\t\t\t\t\t\t<h4 tabindex=\"0\">BIETET IHR STUDENTENRABATT AN?<\/h4>\n\t\t\t\t\t<p>Wir freuen uns, allen Personen unter 30 Jahren, die einen g\u00fcltigen Studierenden- oder Sch\u00fcler*innenausweis vorlegen k\u00f6nnen, 20% Rabatt anzubieten.<\/p>\n<p>We would also like to mention that we&#8217;d be happy to offer you a payment plan which you are free to propose.<\/p>\n\t\t\t\t\t\t\t\t\t\t<h4 tabindex=\"0\">BIETET IHR ANDERE ARTEN VON RABATTEN AN?<\/h4>\n\t\t\t\t\t<p>Wir freuen uns, den Mitgliedern der<a href=\"https:\/\/www.kulturlegi.ch\/beider-basel\/angebot-detail\/angebot\/braswell-arts-center\/\">KulturLegi Beider Basel<\/a>\u00a0sowie denjenigen, die im Besitz einer<a href=\"http:\/\/www.familienpass.ch\/?nodeId=89469\">FamilienpassPlus<\/a>Karte sind, eine Erm\u00e4ssigung von 70% f\u00fcr Kinder und 20% f\u00fcr Erwachsene zu geben. Wenn Du eine Pr\u00e4mienverbilligung Stufe 1-9 erh\u00e4ltst, bist Du auch berechtigt! Bitte kontaktiere uns per E-Mail f\u00fcr weitere Informationen.<\/p>\n\t\t\t\t\t\t\t\t\t\t<h4 tabindex=\"0\">HABE ICH ANSPRUCH AUF EINE R\u00dcCKERSTATTUNG DURCH MEINE KRANKENKASSE?<\/h4>\n\t\t\t\t\t<p>Einige Krankenkassen (z.B. SWICA und Sympany) erstatten einen Teil der Kosten f\u00fcr unsere Mitgliederbeitr\u00e4ge. Dies h\u00e4ngt von Deiner Krankenkasse und dem jeweiligen Tarif ab, den Du mit ihr abgeschlossen hast. Bitte erkundige Dich direkt bei Deiner Krankenkasse, ob sie diese Art von Leistungen anbietet und wenn ja, was Du einreichen musst, um sie zu erhalten. Wir sind Dir gerne behilflich, wenn wir k\u00f6nnen.<\/p>\n\t\t\t\t\t\t\t\t\t\t<h4 tabindex=\"0\">WIE KANN ICH MEINEN MITGLIEDERBEITRAG BEZAHLEN?<\/h4>\n\t\t\t\t\t<p>Um sich online anzumelden und per Kreditkarte zu bezahlen, besuche bitte die\u00a0<a href=\"https:\/\/braswellartscenter.com\/de\/adult-dance-classes\/\" data-type=\"page\" data-id=\"474\" data-title=\"Adult Dance Classes\">Erwachsene<\/a>\u00a0oder\u00a0<a href=\"https:\/\/braswellartscenter.com\/de\/bac-kids-and-teen-program\/\" data-type=\"page\" data-id=\"482\" data-title=\"BAC Kids and Teen Program\">Kinder und Jugendliche<\/a>\u00a0Tanzkurs-Seiten. Wenn Du es vorziehst, per Bank\u00fcberweisung zu zahlen, sende uns bitte eine E-Mail an admin@braswellartscenter.com und \u00fcberweise Deine Zahlung auf das folgende Konto:<\/p>\n<p>Braswell Arts Center<\/p>\n<p>IBAN: CH23 0023 3233 2014 9401 W<\/p>\n<p>BIC: UBSWCHZH80A<\/p>\n<p>Bank\u00fcberweisungen sind erw\u00fcnscht, Du kannst aber auch gerne in bar oder mit Karte (EC\/Maestro-Karte, Visa, MasterCard, etc.) vor dem Kurs im Studio bezahlen (bitte komm etwas fr\u00fcher, damit die Zahlung abgewickelt werden kann).<\/p>\n<p>If you&#8217;ll be bringing cash and since we have a limited amount of cash on-site, please bring your payment in exact change in a sealed envelope with your name written on the outside of the envelope.<\/p>\n\t\t\t\t\t\t\t\t\t\t<h4 tabindex=\"0\">KANN ICH TEILZAHLUNGEN LEISTEN?<\/h4>\n\t\t\t\t\t<p>Ja, Zahlungspl\u00e4ne k\u00f6nnen auf Anfrage vereinbart werden. Bitte kontaktiere uns per E-Mail f\u00fcr weitere Informationen.<\/p>\n\t\t\t\t\t\t\t\t\t\t<h4 tabindex=\"0\">HABT IHR EINE ENGLISCHE VERSION DES VERTRAGS?<\/h4>\n\t\t\t\t\t<p>Unfortunately we don&#8217;t yet have an English translation of the contract, however please feel free to contact us if anything is unclear and we are happy to clarify.<\/p>\n<h2>\n\t\tFRAGEN ZUR MITGLIEDSCHAFT\n\t<\/h2>\n\t\t\t\t\t\t\t\t\t\t<h4 tabindex=\"0\">ICH BIN MITGLIED. WIE MELDE ICH MICH F\u00dcR EINEN KURS AN?<\/h4>\n\t\t\t\t\t<p>Sobald Du Mitglied geworden bist, richten wir ein Konto f\u00fcr Dich ein, mit dem Du Dich \u00fcber unsere Webseite in unser System einloggen und Deine Kurse bis zu einer Woche im Voraus reservieren kannst. Alternativ kannst Du die Kurse auch \u00fcber die Mindbody-App auf Deinem Smartphone reservieren. Weitere Informationen findest Du in den Anmeldeunterlagen, die wir Dir per E-Mail zugeschickt haben, aber Du kannst uns jederzeit kontaktieren, wenn Du weitere Hilfe ben\u00f6tigst. Wir helfen Dir immer gerne weiter!<\/p>\n\t\t\t\t\t\t\t\t\t\t<h4 tabindex=\"0\">WIE BEANTRAGE ICH DIE ERSTATTUNG DURCH MEINE KRANKENVERSICHERUNG?<\/h4>\n\t\t\t\t\t<p>Every health insurance company is different, but in our experience, simply sending the receipt is usually enough. After you have made your payment, please send us an email and we&#8217;d be happy to send you a receipt for you to forward to your health insurance company.<\/p>\n\t\t\t\t\t\t\t\t\t\t<h4 tabindex=\"0\">ICH BIN ANF\u00c4NGER*IN ABER AUFGRUND MEINES TERMINKALENDERS KANN ICH NUR INTERMEDIATE\/ADVANCED STUNDEN BESUCHEN. KANN ICH EINEN KURS AUSSERHALB MEINES NIVEAUS BESUCHEN?<\/h4>\n\t\t\t\t\t<p>Ja, Du bist herzlich eingeladen, an dem Kurs teilzunehmen, in dem Du Dich am wohlsten f\u00fchlst.<\/p>\n\t\t\t\t\t\t\t\t\t\t<h4 tabindex=\"0\">IST DAS BAC IN DEN FERIEN GESCHLOSSEN?<\/h4>\n\t\t\t\t\t<p>Our regular BAC classes take place every week except during Basel-Stadt school holidays. During school holidays, the children&#8217;s classes take a break, however we do offer evening workshops for adults that are included in the BAC unlimited abo as well as open to the public. The only time BAC is closed completely is for the two-week Christmas\/New Year break.<\/p>\n\t\t\t\t\t\t\t\t\t\t<h4 tabindex=\"0\">WIE FINDE ICH DEN STUNDENPLAN?<\/h4>\n\t\t\t\t\t<p>Du findest eine \u00dcbersicht des aktuellen Stundenplans <a href=\"https:\/\/braswellartscenter.com\/de\/adult-dance-classes\/\">hier<\/a>, aber die aktuellsten Informationen \u00fcber unsere bevorstehenden Kurse und Lehrer*innen findest Du in unserem interaktiven Stundenplan <a href=\"https:\/\/braswellartscenter.com\/de\/schedule\/\">hier<\/a>. Wenn eine Vertretung vorgesehen ist oder eine Anpassung vorgenommen wird, wirst Du dort dar\u00fcber informiert.<\/p>\n\t\t\t\t\t\t\t\t\t\t<h4 tabindex=\"0\">ICH HABE EINE REISE GEPLANT. KANN ICH MEIN ABO PAUSIEREN?<\/h4>\n\t\t\t\t\t<p>Ja, das kannst Du. Wir wissen, wie hektisch das Leben sein kann, deshalb bieten wir jedem Mitglied 4 Wochen pro 12 Monate an, in denen Du Dein Abo pausieren kannst. Wenn Du Dein Abo pausieren m\u00f6chtest, schicke uns bitte im Voraus eine E-Mail, um uns \u00fcber die Pause zu informieren.<\/p>\n\t\t\t\t\t\t\t\t\t\t<h4 tabindex=\"0\">WIE KANN ICH MEINE MITGLIEDSCHAFT K\u00dcNDIGEN?<\/h4>\n\t\t\t\t\t<p>Wir sind zwar traurig, dass Du gehst, aber wenn Du nicht m\u00f6chtest, dass Deine Mitgliedschaft automatisch verl\u00e4ngert wird, setze Dich bitte sp\u00e4testens 30 Tage vor dem Verl\u00e4ngerungsdatum mit uns in Verbindung. Um Dein Verl\u00e4ngerungsdatum zu erfahren, logge Dich bitte in Dein Mindbody-Konto ein.<\/p>\n<p>Du kannst Deine Mitgliedschaft k\u00fcnden, indem Du uns einfach eine E-Mail schickst. Bitte beachte, dass wir nicht in der Lage sind, jeder Person eine Erinnerung an ihr bevorstehendes Verl\u00e4ngerungsdatum zu schicken. Bitte denke daran, dass versp\u00e4tete K\u00fcndigungen nicht akzeptiert werden.<\/p>","protected":false},"excerpt":{"rendered":"<p>FREQUENTLY ASKED QUESTIONS Welcome to our FAQ page! We hope you find answers to any questions you may have about the Braswell Arts Center. If you have any further questions, please contact us at anytime by sending an email to admin@braswellartscenter.com IN THE Neighbourhood PARKING Steinenschanze entrance of the\u00a0Parkhaus &#8220;Steinen&#8221; ATM Basler Kantonalbank &#8211; Steinenvorstadt [&hellip;]<\/p>","protected":false},"author":6,"featured_media":0,"parent":0,"menu_order":0,"comment_status":"closed","ping_status":"closed","template":"","meta":{"_seopress_robots_primary_cat":"","_seopress_titles_title":"","_seopress_titles_desc":"","_seopress_robots_index":"","site-sidebar-layout":"default","site-content-layout":"default","ast-site-content-layout":"default","site-content-style":"default","site-sidebar-style":"default","ast-global-header-display":"","ast-banner-title-visibility":"","ast-main-header-display":"","ast-hfb-above-header-display":"","ast-hfb-below-header-display":"","ast-hfb-mobile-header-display":"","site-post-title":"disabled","ast-breadcrumbs-content":"","ast-featured-img":"","footer-sml-layout":"","theme-transparent-header-meta":"default","adv-header-id-meta":"","stick-header-meta":"default","header-above-stick-meta":"","header-main-stick-meta":"","header-below-stick-meta":"","astra-migrate-meta-layouts":"default","ast-page-background-enabled":"default","ast-page-background-meta":{"desktop":{"background-color":"var(--ast-global-color-4)","background-image":"","background-repeat":"repeat","background-position":"center center","background-size":"auto","background-attachment":"scroll","background-type":"","background-media":"","overlay-type":"","overlay-color":"","overlay-opacity":"","overlay-gradient":""},"tablet":{"background-color":"","background-image":"","background-repeat":"repeat","background-position":"center center","background-size":"auto","background-attachment":"scroll","background-type":"","background-media":"","overlay-type":"","overlay-color":"","overlay-opacity":"","overlay-gradient":""},"mobile":{"background-color":"","background-image":"","background-repeat":"repeat","background-position":"center center","background-size":"auto","background-attachment":"scroll","background-type":"","background-media":"","overlay-type":"","overlay-color":"","overlay-opacity":"","overlay-gradient":""}},"ast-content-background-meta":{"desktop":{"background-color":"var(--ast-global-color-5)","background-image":"","background-repeat":"repeat","background-position":"center center","background-size":"auto","background-attachment":"scroll","background-type":"","background-media":"","overlay-type":"","overlay-color":"","overlay-opacity":"","overlay-gradient":""},"tablet":{"background-color":"var(--ast-global-color-5)","background-image":"","background-repeat":"repeat","background-position":"center center","background-size":"auto","background-attachment":"scroll","background-type":"","background-media":"","overlay-type":"","overlay-color":"","overlay-opacity":"","overlay-gradient":""},"mobile":{"background-color":"var(--ast-global-color-5)","background-image":"","background-repeat":"repeat","background-position":"center center","background-size":"auto","background-attachment":"scroll","background-type":"","background-media":"","overlay-type":"","overlay-color":"","overlay-opacity":"","overlay-gradient":""}},"iawp_total_views":1088,"footnotes":""},"class_list":["post-1797","page","type-page","status-publish","hentry"],"_links":{"self":[{"href":"https:\/\/braswellartscenter.com\/de\/wp-json\/wp\/v2\/pages\/1797","targetHints":{"allow":["GET"]}}],"collection":[{"href":"https:\/\/braswellartscenter.com\/de\/wp-json\/wp\/v2\/pages"}],"about":[{"href":"https:\/\/braswellartscenter.com\/de\/wp-json\/wp\/v2\/types\/page"}],"author":[{"embeddable":true,"href":"https:\/\/braswellartscenter.com\/de\/wp-json\/wp\/v2\/users\/6"}],"replies":[{"embeddable":true,"href":"https:\/\/braswellartscenter.com\/de\/wp-json\/wp\/v2\/comments?post=1797"}],"version-history":[{"count":16,"href":"https:\/\/braswellartscenter.com\/de\/wp-json\/wp\/v2\/pages\/1797\/revisions"}],"predecessor-version":[{"id":3293,"href":"https:\/\/braswellartscenter.com\/de\/wp-json\/wp\/v2\/pages\/1797\/revisions\/3293"}],"wp:attachment":[{"href":"https:\/\/braswellartscenter.com\/de\/wp-json\/wp\/v2\/media?parent=1797"}],"curies":[{"name":"wp","href":"https:\/\/api.w.org\/{rel}","templated":true}]}}