{"id":164,"date":"2018-05-16T14:17:10","date_gmt":"2018-05-03T15:25:28","guid":{"rendered":"https:\/\/braswellartscenter.com\/about-2\/"},"modified":"2024-10-09T16:26:52","modified_gmt":"2024-10-09T14:26:52","slug":"contact","status":"publish","type":"page","link":"https:\/\/braswellartscenter.com\/de\/contact\/","title":{"rendered":"Kontakt"},"content":{"rendered":"<h2>\n\t\tKontakt\n\t<\/h2>\n\tBraswell Arts Center<br \/>\nAeschenvorstadt 52<br \/>\nCH-4051 Basel<br \/>\nSchweiz\n<a href=\"mailto:admin@braswellartscenter.com\">admin@braswellartscenter.com<\/a><br \/>\n+41 61 271 21 56\n\t<iframe src=\"https:\/\/www.google.com\/maps\/embed\/v1\/place?q=Braswell+Arts+Center%0AAustrasse+19%0ACH-4051+Basel%0ASwitzerland&#038;key=AIzaSyD09zQ9PNDNNy9TadMuzRV_UsPUoWKntt8\" aria-hidden=\"true\"><\/iframe>\n<h2>\n\t\tHOW DO I GET TO BRASWELL ARTS CENTER?\n\t<\/h2>\n\t<p>The BAC is located on the ground floor in the corridor between the Anfos and Aeschentor buildings, that connects Aeschenvorstadt and Henric Petri-Strasse.<\/p>\n<p>Mit den \u00d6ffentlichen Verkehrsmitteln:<\/p>\n<ul>\n<li>Zentral gelegen zwischen Aeschenplatz und Bankverein mit Tram- und Busverbindungen<\/li>\n<li>10 Gehminuten (oder 1 Tramstation) vom Bahnhof SBB<\/li>\n<li>5 Tramstationen vom Badischen Bahnhof (Nr. 2 bis Station Bankverein)<\/li>\n<\/ul>\n<p>Mit dem Auto:<\/p>\n<ul>\n<li>Parking <a href=\"https:\/\/www.parkleitsystem-basel.ch\/parkhaus\/anfos.html\">Anfos<\/a> oder <a href=\"https:\/\/ch.parkopedia.com\/parken\/parkhaus\/migros_drachen_center\/4051\/basel\/?arriving=202301041200&amp;leaving=202301041400\">Migros<\/a><\/li>\n<li>Weitere Parkings <a href=\"https:\/\/www.parkleitsystem-basel.ch\/parkhaus\/centralbahn.html\">SBB<\/a> oder <a href=\"https:\/\/www.parkleitsystem-basel.ch\/parkhaus\/aeschen.html\">Aeschen<\/a><\/li>\n<li>Navigation zu: Henric Petri-Strasse 23, 4051 Basel<\/li>\n<\/ul>\n<h2>\n\t\tMIETANFRAGEN\n\t<\/h2>\n\t<p>Das Braswell Arts Center steht f\u00fcr Tanzauff\u00fchrungen, Konzerte, Ausstellungen und Sonderveranstaltungen zur Verf\u00fcgung.<\/p>\n\t\t\t<a href=\"http:\/\/www.armandobraswell.com\/\" target=\"_blank\" rel=\"noopener\">\n\t\t\t\t\t\tKontakt f\u00fcr R\u00fcckfragen\n\t\t\t\t\t<\/a>\n<h2>\n\t\tFURTHER QUESTIONS?\n\t<\/h2>\n\t<p>Hier findest Du unsere FAQ-Seite <a href=\"https:\/\/braswellartscenter.com\/de\/faq\/\">hier<\/a><\/p>\n\t\t\t<a href=\"\/de\/jobs\/\" target=\"_self\" rel=\"noopener\">\n\t\t\t\t\t\t\tStellenangebote\n\t\t\t\t\t<\/a>\n\t\t\t<a href=\"\/de\/faq\/\" target=\"_self\" rel=\"noopener\">\n\t\t\t\t\t\t\tFAQ&#8217;s\n\t\t\t\t\t<\/a>","protected":false},"excerpt":{"rendered":"<p>Contact Braswell Arts Center Aeschenvorstadt 52 CH-4051 Basel Switzerland admin@braswellartscenter.com +41 61 271 21 56 HOW DO I GET TO BRASWELL ARTS CENTER? The BAC is located on the ground floor in the corridor between the Anfos and Aeschentor buildings, that connects Aeschenvorstadt and Henric Petri-Strasse. With public transport: Centrally located between Aeschenplatz and Bankverein [&hellip;]<\/p>","protected":false},"author":1,"featured_media":0,"parent":0,"menu_order":0,"comment_status":"closed","ping_status":"open","template":"","meta":{"_seopress_robots_primary_cat":"","_seopress_titles_title":"","_seopress_titles_desc":"","_seopress_robots_index":"","site-sidebar-layout":"default","site-content-layout":"","ast-site-content-layout":"default","site-content-style":"default","site-sidebar-style":"default","ast-global-header-display":"","ast-banner-title-visibility":"","ast-main-header-display":"","ast-hfb-above-header-display":"","ast-hfb-below-header-display":"","ast-hfb-mobile-header-display":"","site-post-title":"disabled","ast-breadcrumbs-content":"","ast-featured-img":"","footer-sml-layout":"","theme-transparent-header-meta":"","adv-header-id-meta":null,"stick-header-meta":"","header-above-stick-meta":null,"header-main-stick-meta":"","header-below-stick-meta":null,"astra-migrate-meta-layouts":"default","ast-page-background-enabled":"default","ast-page-background-meta":{"desktop":{"background-color":"var(--ast-global-color-4)","background-image":"","background-repeat":"repeat","background-position":"center center","background-size":"auto","background-attachment":"scroll","background-type":"","background-media":"","overlay-type":"","overlay-color":"","overlay-opacity":"","overlay-gradient":""},"tablet":{"background-color":"","background-image":"","background-repeat":"repeat","background-position":"center center","background-size":"auto","background-attachment":"scroll","background-type":"","background-media":"","overlay-type":"","overlay-color":"","overlay-opacity":"","overlay-gradient":""},"mobile":{"background-color":"","background-image":"","background-repeat":"repeat","background-position":"center center","background-size":"auto","background-attachment":"scroll","background-type":"","background-media":"","overlay-type":"","overlay-color":"","overlay-opacity":"","overlay-gradient":""}},"ast-content-background-meta":{"desktop":{"background-color":"var(--ast-global-color-5)","background-image":"","background-repeat":"repeat","background-position":"center center","background-size":"auto","background-attachment":"scroll","background-type":"","background-media":"","overlay-type":"","overlay-color":"","overlay-opacity":"","overlay-gradient":""},"tablet":{"background-color":"var(--ast-global-color-5)","background-image":"","background-repeat":"repeat","background-position":"center center","background-size":"auto","background-attachment":"scroll","background-type":"","background-media":"","overlay-type":"","overlay-color":"","overlay-opacity":"","overlay-gradient":""},"mobile":{"background-color":"var(--ast-global-color-5)","background-image":"","background-repeat":"repeat","background-position":"center center","background-size":"auto","background-attachment":"scroll","background-type":"","background-media":"","overlay-type":"","overlay-color":"","overlay-opacity":"","overlay-gradient":""}},"iawp_total_views":4759,"footnotes":""},"class_list":["post-164","page","type-page","status-publish","hentry"],"_links":{"self":[{"href":"https:\/\/braswellartscenter.com\/de\/wp-json\/wp\/v2\/pages\/164","targetHints":{"allow":["GET"]}}],"collection":[{"href":"https:\/\/braswellartscenter.com\/de\/wp-json\/wp\/v2\/pages"}],"about":[{"href":"https:\/\/braswellartscenter.com\/de\/wp-json\/wp\/v2\/types\/page"}],"author":[{"embeddable":true,"href":"https:\/\/braswellartscenter.com\/de\/wp-json\/wp\/v2\/users\/1"}],"replies":[{"embeddable":true,"href":"https:\/\/braswellartscenter.com\/de\/wp-json\/wp\/v2\/comments?post=164"}],"version-history":[{"count":18,"href":"https:\/\/braswellartscenter.com\/de\/wp-json\/wp\/v2\/pages\/164\/revisions"}],"predecessor-version":[{"id":3728,"href":"https:\/\/braswellartscenter.com\/de\/wp-json\/wp\/v2\/pages\/164\/revisions\/3728"}],"wp:attachment":[{"href":"https:\/\/braswellartscenter.com\/de\/wp-json\/wp\/v2\/media?parent=164"}],"curies":[{"name":"wp","href":"https:\/\/api.w.org\/{rel}","templated":true}]}}