{"id":1549,"date":"2021-05-23T12:57:10","date_gmt":"2018-05-03T15:25:28","guid":{"rendered":"https:\/\/braswellartscenter.com\/home-2\/"},"modified":"2025-01-23T21:00:54","modified_gmt":"2025-01-23T20:00:54","slug":"jobs","status":"publish","type":"page","link":"https:\/\/braswellartscenter.com\/de\/jobs\/","title":{"rendered":"Stellenangebote"},"content":{"rendered":"<h2>\n\t\tWORK AT THE BAC\n\t<\/h2>\n\t<p>At the Braswell Arts Center, we&#8217;re more than just an institution &#8211; we&#8217;re a team of artists passionate about fostering creativity and talent in our community. As we continue to thrive and grow, we&#8217;re excited to announce a unique opportunity to join our dedicated team.<\/p>\n<p><strong>Warum solltest du bei uns mitmachen? <\/strong><\/p>\n<p>The Braswell Arts Center offers a dynamic work environment, rich in culture and creativity, where your unique skills can make a difference in the lives of aspiring artists. This is more than just a job &#8211; it&#8217;s a chance to contribute to a vibrant community of dedicated artists.<\/p>\n<p>Wir sch\u00e4tzen die unterschiedlichen Erfahrungen und F\u00e4higkeiten unserer Lehrkr\u00e4fte. Ganz gleich, ob du Anf\u00e4nger*innen anleitest, die Techniken fortgeschrittener Sch\u00fcler*innen verfeinerst oder vielleicht sogar andere Tanzstile erforschst - wir erkennen solche Beitr\u00e4ge als einzigartige Bereicherung an.<\/p>\n<p>If you&#8217;re as passionate about dance and art as we are and want to contribute to the growth and success of our students, we&#8217;d love to hear from you!<\/p>\n<p>Sende deinen CV an <a href=\"mailto:admin@braswellartscenter.com\" target=\"_new\">admin@braswellartscenter.com<\/a>. We&#8217;re looking forward to meeting the next artist who will join our Braswell Arts Center family.<\/p>\n<h2>\n\t\tARBEITSM\u00d6GLICHKEITEN\n\t<\/h2>\n<h2>\n\t\tKINDER- BALLETT- LEHRER*in\n\t<\/h2>\n\t<p>Is your calling to instill a love of dance in young hearts? At the Braswell Arts Center, we&#8217;re excited to announce an opportunity that might be perfect for you. We&#8217;re seeking a Ballet Teacher, specifically tailored to the energetic and enthusiastic nature of children aged 4 and up, with a position beginning ASAP.<\/p>\n<p>The ideal candidate for this role would be a trained dance teacher with experience in working with children. We&#8217;re looking for someone who not only communicates the language of dance effectively to our young students but also maintains a positive and transparent relationship with their parents.<\/p>\n<p>Bringst du mehr als nur Ballett auf die Tanzfl\u00e4che? Wir freuen uns \u00fcber Lehrer,*innen die mehrere Tanzstile beherrschen, denn sie bereichern unseren Unterricht durch ihre Vielseitigkeit.<\/p>\n<p>Wenn du dich f\u00fcr die F\u00f6rderung der n\u00e4chsten Generation von T\u00e4nzer*innen begeistern kannst und gerne mit Kindern arbeitest, laden wir dich ein, den ersten Schritt zu tun und den Lebenslauf an folgende Adresse zu schicken <a href=\"mailto:admin@braswellartscenter.com\" target=\"_new\">admin@braswellartscenter.com<\/a>.<\/p>\n<h2>\n\t\tBALLET TEACHER\n\t<\/h2>\n\t<p>The Braswell Arts Center is actively searching for an inspirational Ballet Teacher, with an engaging teaching style and a true passion for dance, to join our team starting ASAP. Experience teaching beginners, advanced or other dance styles is a plus. The ability to contribute to our diverse range of classes will be viewed as an asset. Language is the key to communication, and so fluency in English or German is essential for this role.<\/p>\n<h2>\n\t\tCONTEMPORARY TEACHER\n\t<\/h2>\n\t<p>At the Braswell Arts Center, we believe in the power of movement and the expressive potential of modern dance. In line with our mission to provide diverse and enriching experiences to our students, we&#8217;re excited to announce an opening for a Modern Dance Teacher, starting ASAP.<\/p>\n<p>Hast du ein Gesp\u00fcr daf\u00fcr, Sch\u00fcler*innen am Anfang ihrer Tanzreise zu inspirieren, oder beherrschst du verschiedene moderne Tanztechniken? Wenn ja, dann m\u00f6chten wir von dir h\u00f6ren! Deine F\u00e4higkeit, neue Perspektiven und innovative Lehrmethoden in unser vielf\u00e4ltiges Unterrichtsangebot einzubringen, ist eine grosse Bereicherung.<\/p>\n<p>Um eine reibungslose und effektive Kommunikation mit unseren Studierenden und unserem Team zu gew\u00e4hrleisten, sind fliessende Englisch- oder Deutschkenntnisse f\u00fcr diese Stelle unerl\u00e4sslich.<\/p>\n<h2>\n\t\tPRAKTIKA\n\t<\/h2>\n\t<p>Das Braswell Arts Center, ein internationales Zentrum f\u00fcr Kunst in Basel, hat ein ganzj\u00e4hriges Praktikumsprogramm als Teil unserer st\u00e4ndigen Bem\u00fchungen, die Kluft zwischen der Kunst und der Gemeinschaft zu \u00fcberbr\u00fccken. Wir arbeiten mit Schulen zusammen, so dass die Praktikant*innen akademische Anerkennung erhalten k\u00f6nnen. Ausserdem k\u00f6nnen sie kostenlos an Tanz- und Fitnesskursen im BAC teilnehmen.<\/p>\n<p>Wir bieten Praktika in den Bereichen Marketing, Entwicklung, Sonderveranstaltungen, \u00d6ffentlichkeitsarbeit, Bildung und Gemeinschaftsprogrammen, Kunstverwaltung und Kommunikation. Unser Praktikumsprogramm richtet sich an Sch\u00fcler*innen sowie Student*innen ab 17 Jahren. Bewerber*innen m\u00fcssen mindestens 25 Stunden pro Woche arbeiten.<\/p>\n<h2>\n\t\tARTS MEDIA INTERNSHIP\n\t<\/h2>\n\t<p>F\u00fchlst du einen Nervenkitzel, wenn du Momente in Videos oder Fotos festhalten kannst? Beschleunigt sich dein Puls, wenn du dich in der Landschaft der sozialen Medien, in Werbeinhalten, Interviews oder in der Tanzbranche bewegst? Im Braswell Arts Center haben wir eine einzigartige Gelegenheit, die die perfekte B\u00fchne f\u00fcr deine Talente sein k\u00f6nnte.<\/p>\n<p>This position demands a sharp eye for detail and the ability to keep several balls in the air in a dynamic, fast-paced work environment. We&#8217;re seeking an individual who&#8217;s highly organized, and whose written and verbal communication shines in both English and German.<\/p>\n<p>Der\/Die ideale Kandidat*in f\u00fcr diese Stelle verf\u00fcgt \u00fcber Grundkenntnisse in Microsoft Word, Excel, Photoshop und InDesign. Kenntnisse von WordPress und ein gutes Verst\u00e4ndnis verschiedener Social-Media-Plattformen sind unerl\u00e4sslich.<\/p>\n<p>If you&#8217;re ready to tap into your skills and contribute to the vibrant energy of the Braswell Arts Center, we&#8217;d love to hear from you. Your journey into the pulsating world of arts media starts here.<\/p>\n<h2>\n\t\tPRAKTIKUM IN DER KULTUR- VERWALTUNG\n\t<\/h2>\n\t<p>Wir suchen eine*n gut organisierte*n, verantwortungsbewusste*n und motivierte*n Praktikant*in zur Unterst\u00fctzung der laufenden Verwaltungsarbeit im BAC. Ein Interesse und\/oder Erfahrung in der Kunstverwaltung sowie im Kundenservice ist von Vorteil. Der*die Bewerber*in muss eine ausgepr\u00e4gte Liebe zum Detail und die F\u00e4higkeit zu Multitasking in einem schnelllebigen Arbeitsumfeld haben. Hervorragende schriftliche und m\u00fcndliche Kommunikationsf\u00e4higkeiten in Englisch und Deutsch sowie gute Kenntnisse in Microsoft Word und Excel sind erforderlich.  Wenn Du an dieser Stelle interessiert bist, sende bitte Deinen Lebenslauf an <a href=\"mailto:admin@braswellartscenter.com\">admin@braswellartscenter.com<\/a><\/p>\n<h2>\n\t\tARBEITSSTUDIE\n\t<\/h2>\n\t<p>At the Braswell Arts Center, we&#8217;re passionate about nurturing talent and fostering growth among aspiring professionals. With our Work Study Program, we offer the unique opportunity to dive into the world of performing arts and simultaneously contribute to the vibrant life of our studio.<\/p>\n<p>In exchange for seven hours of work each week, assisting with administrative tasks and studio maintenance, students receive an Unlimited Membership. This membership provides access to a broad array of classes that can help you refine your skills and deepen your passion for the arts.<\/p>\n<p>Ideale Kandidierende f\u00fcr das Work Study Program sind reife, zuverl\u00e4ssige und vertrauensw\u00fcrdige Personen, die im Herzen auch T\u00e4nzer*innen sind. Computerkenntnisse, ausgezeichnete F\u00e4higkeiten im Umgang mit Kunden und ein Interesse an der Kunstverwaltung sind der Schl\u00fcssel zum Erfolg.<\/p>\n<p>Wir setzen voraus, dass die Bewerber*innen sowohl Englisch als auch Deutsch sprechen, lesen und schreiben k\u00f6nnen. Das Programm erfordert eine Verpflichtung von entweder sechs Monaten oder einem Jahr.<\/p>\n<p>If you&#8217;re ready to take your love for performing arts to a professional level, join our BAC Work Study Program. We&#8217;re excited to be part of your journey.<\/p>\n<p>Zus\u00e4tzlich zu den erm\u00e4ssigten t\u00e4glichen offenen Kursen erhalten die Studierenden auch:<\/p>\n\t<ul>\n<li>Erm\u00e4ssigter Preis f\u00fcr Master Classes, Workshops und Intensivkurse<\/li>\n<li>Empfehlungen und pers\u00f6nliche Referenzschreiben<\/li>\n<li>Erm\u00e4ssigte Preise f\u00fcr das Mieten des BAC Studios<\/li>\n<li>Erm\u00e4ssigte oder kostenlose Eintrittskarten f\u00fcr Konzerte und Veranstaltungen<\/li>\n<li>Erm\u00e4ssigungen auf Waren, die im BAC Shop verkauft werden<\/li>\n<\/ul>\n<h2>\n\t\tBAC IN DEN NACHRICHTEN\n\t<\/h2>\n\t<p>Klicke unten auf die Logos, um die Artikel zu lesen<\/p>\n\t\t\t\t<a href=\"https:\/\/www.bluewin.ch\/de\/leben\/lifestyle\/armando-braswell-manchmal-fuehle-ich-mich-wie-im-himmel-377822.html\" target=\"_blank\" rel=\"noopener\"  itemprop=\"url\">\n\t\t\t\t<img decoding=\"async\" src=\"https:\/\/ejvcz4jyy33.exactdn.com\/wp-content\/uploads\/2020\/04\/bluewin_logo.png?strip=all&resize=600%2C600\" alt=\"bluewin logo - Braswell Arts Center\" itemprop=\"image\" height=\"600\" width=\"600\" title=\"bluewin logo - Braswell Arts Center\" onerror=\"this.style.display='none'\"  \/>\n\t\t\t\t<\/a>\n\t\t\t\t<a href=\"https:\/\/www.annabelle.ch\/leben\/ballett-f%c3%bcr-alle-48806\/\" target=\"_blank\" rel=\"noopener\"  itemprop=\"url\">\n\t\t\t\t<img decoding=\"async\" src=\"https:\/\/ejvcz4jyy33.exactdn.com\/wp-content\/uploads\/2019\/07\/new-annabelle-magazine-logo.jpg?strip=all&resize=600%2C600\" alt=\"new annabelle magazine - logo - Braswell Arts Center\" itemprop=\"image\" height=\"600\" width=\"600\" title=\"neues annabelle magazin - logo - Braswell Arts Center\" onerror=\"this.style.display='none'\"  \/>\n\t\t\t\t<\/a>\n\t\t\t\t<a href=\"https:\/\/www.migros.ch\/de\/unternehmen\/neues-migros-welt.html\" target=\"_blank\" rel=\"noopener\"  itemprop=\"url\">\n\t\t\t\t<img decoding=\"async\" src=\"https:\/\/ejvcz4jyy33.exactdn.com\/wp-content\/uploads\/2019\/07\/migros-magazine-logo.jpg?strip=all&resize=600%2C600\" alt=\"migros magazine - logo - Braswell Arts Center\" itemprop=\"image\" height=\"600\" width=\"600\" title=\"migros magazin - logo - Braswell Arts Center\" onerror=\"this.style.display='none'\"  \/>\n\t\t\t\t<\/a>\n\t\t\t\t<a href=\"https:\/\/telebasel.ch\/2018\/06\/22\/hauptsache-ich-kann-jemandem-eine-freude-machen\/?channel=5527\" target=\"_blank\" rel=\"noopener\"  itemprop=\"url\">\n\t\t\t\t<img decoding=\"async\" src=\"https:\/\/ejvcz4jyy33.exactdn.com\/wp-content\/uploads\/2019\/07\/new-telebasel-logo.jpg?strip=all&resize=600%2C600\" alt=\"new telebasel - logo - Braswell Arts Center\" itemprop=\"image\" height=\"600\" width=\"600\" title=\"neues telebasel - logo - Braswell Arts Center\" onerror=\"this.style.display='none'\"  \/>\n\t\t\t\t<\/a>\n\t\t\t\t<a href=\"https:\/\/www.srf.ch\/play\/tv\/glanz--gloria\/video\/armando-braswell-ein-new-yorker-tanzt-sich-durch-basel?urn=urn:srf:video:285d75ef-0829-4412-8e3a-774b0c3ece48\" target=\"_blank\" rel=\"noopener\"  itemprop=\"url\">\n\t\t\t\t<img decoding=\"async\" src=\"https:\/\/ejvcz4jyy33.exactdn.com\/wp-content\/uploads\/2019\/07\/new-srf-1-logo.jpg?strip=all&resize=600%2C600\" alt=\"new srf 1 - logo - Braswell Arts Center\" itemprop=\"image\" height=\"600\" width=\"600\" title=\"neu srf 1 - logo - Braswell Arts Center\" onerror=\"this.style.display='none'\"  \/>\n\t\t\t\t<\/a>\n\t\t\t\t<a href=\"https:\/\/www.armandobraswell.com\/bac-in-tanz-magazine\/\" target=\"_blank\" rel=\"noopener\"  itemprop=\"url\">\n\t\t\t\t<img decoding=\"async\" src=\"https:\/\/ejvcz4jyy33.exactdn.com\/wp-content\/uploads\/2019\/07\/new-tanz-magazine-logo.jpg?strip=all&resize=600%2C600\" alt=\"new tanz magazine - logo - Braswell Arts Center\" itemprop=\"image\" height=\"600\" width=\"600\" title=\"neues tanz magazin - logo - Braswell Arts Center\" onerror=\"this.style.display='none'\"  \/>\n\t\t\t\t<\/a>\n\t\t\t\t<a href=\"https:\/\/nebula.wsimg.com\/7e3114021941928881b0357d74946179?AccessKeyId=59A3D5AF9D741656501B&#038;disposition=0&#038;alloworigin=1\" target=\"_blank\" rel=\"noopener\"  itemprop=\"url\">\n\t\t\t\t<img decoding=\"async\" src=\"https:\/\/ejvcz4jyy33.exactdn.com\/wp-content\/uploads\/2019\/07\/basel-life-magazine-logo.jpg?strip=all&resize=600%2C600\" alt=\"basel life magazine - logo - Braswell Arts Center\" itemprop=\"image\" height=\"600\" width=\"600\" title=\"basel life magazin - logo - Braswell Arts Center\" onerror=\"this.style.display='none'\"  \/>\n\t\t\t\t<\/a>\n\t\t\t\t<a href=\"https:\/\/theenglishshow.com\/shows\/2018-04-17\" target=\"_blank\" rel=\"noopener\"  itemprop=\"url\">\n\t\t\t\t<img decoding=\"async\" src=\"https:\/\/ejvcz4jyy33.exactdn.com\/wp-content\/uploads\/2019\/07\/new-radio-x-logo.jpg?strip=all&resize=600%2C600\" alt=\"new radio x - logo - Braswell Arts Center\" itemprop=\"image\" height=\"600\" width=\"600\" title=\"neues radio x - logo - Braswell Arts Center\" onerror=\"this.style.display='none'\"  \/>\n\t\t\t\t<\/a>\n\t\t\t\t<a href=\"https:\/\/www.birsforum.ch\/de\/publikationen\/regio-aktuell\/\" target=\"_blank\" rel=\"noopener\"  itemprop=\"url\">\n\t\t\t\t<img decoding=\"async\" src=\"https:\/\/ejvcz4jyy33.exactdn.com\/wp-content\/uploads\/2019\/07\/new-regio-aktuel-logo.jpg?strip=all&resize=600%2C600\" alt=\"new regio aktuell - logo - Braswell Arts Center\" itemprop=\"image\" height=\"600\" width=\"600\" title=\"neue regio aktuell - logo - Braswell Arts Center\" onerror=\"this.style.display='none'\"  \/>\n\t\t\t\t<\/a>\n\t\t\t\t<a href=\"https:\/\/wiewaersmalmit.ch\/Ballett-Dienstag-Armando-Braswell-im-Gesprach\" target=\"_blank\" rel=\"noopener\"  itemprop=\"url\">\n\t\t\t\t<img decoding=\"async\" src=\"https:\/\/ejvcz4jyy33.exactdn.com\/wp-content\/uploads\/2019\/07\/wwwm-logo.jpg?strip=all&resize=600%2C600\" alt=\"wwwm - logo - Braswell Arts Center\" itemprop=\"image\" height=\"600\" width=\"600\" title=\"wwwm - logo - Braswell Arts Center\" onerror=\"this.style.display='none'\"  \/>\n\t\t\t\t<\/a>\n\t\t\t\t<a href=\"https:\/\/www.srf.ch\/play\/tv\/glanz--gloria\/video\/armando-braswell-ein-new-yorker-tanzt-sich-durch-basel?urn=urn:srf:video:285d75ef-0829-4412-8e3a-774b0c3ece48\" target=\"_blank\" rel=\"noopener\"  itemprop=\"url\">\n\t\t\t\t<img decoding=\"async\" src=\"https:\/\/ejvcz4jyy33.exactdn.com\/wp-content\/uploads\/2019\/07\/new-glanz-und-gloria-logo.jpg?strip=all&resize=600%2C600\" alt=\"new glanz und gloria - logo - Braswell Arts Center\" itemprop=\"image\" height=\"600\" width=\"600\" title=\"neues glanz und gloria - logo - Braswell Arts Center\" onerror=\"this.style.display='none'\"  \/>\n\t\t\t\t<\/a>\n\t\t\t\t<a href=\"https:\/\/www.blackenterprise.com\/be-modern-man-armando-braswell\/\" target=\"_blank\" rel=\"noopener\"  itemprop=\"url\">\n\t\t\t\t<img decoding=\"async\" src=\"https:\/\/ejvcz4jyy33.exactdn.com\/wp-content\/uploads\/2019\/07\/black-enterpise-logo.jpg?strip=all&resize=600%2C600\" alt=\"black enterpise - logo - Braswell Arts Center\" itemprop=\"image\" height=\"600\" width=\"600\" title=\"black enterpise - Logo - Braswell Arts Center\" onerror=\"this.style.display='none'\"  \/>\n\t\t\t\t<\/a>","protected":false},"excerpt":{"rendered":"<p>WORK AT THE BAC At the Braswell Arts Center, we&#8217;re more than just an institution &#8211; we&#8217;re a team of artists passionate about fostering creativity and talent in our community. As we continue to thrive and grow, we&#8217;re excited to announce a unique opportunity to join our dedicated team. Why Join Us? The Braswell Arts [&hellip;]<\/p>","protected":false},"author":1,"featured_media":0,"parent":0,"menu_order":0,"comment_status":"closed","ping_status":"open","template":"","meta":{"_seopress_robots_primary_cat":"","_seopress_titles_title":"","_seopress_titles_desc":"","_seopress_robots_index":"","site-sidebar-layout":"default","site-content-layout":"","ast-site-content-layout":"default","site-content-style":"default","site-sidebar-style":"default","ast-global-header-display":"","ast-banner-title-visibility":"","ast-main-header-display":"","ast-hfb-above-header-display":"","ast-hfb-below-header-display":"","ast-hfb-mobile-header-display":"","site-post-title":"disabled","ast-breadcrumbs-content":"","ast-featured-img":"","footer-sml-layout":"","theme-transparent-header-meta":"","adv-header-id-meta":null,"stick-header-meta":"","header-above-stick-meta":null,"header-main-stick-meta":"","header-below-stick-meta":null,"astra-migrate-meta-layouts":"default","ast-page-background-enabled":"default","ast-page-background-meta":{"desktop":{"background-color":"var(--ast-global-color-4)","background-image":"","background-repeat":"repeat","background-position":"center center","background-size":"auto","background-attachment":"scroll","background-type":"","background-media":"","overlay-type":"","overlay-color":"","overlay-opacity":"","overlay-gradient":""},"tablet":{"background-color":"","background-image":"","background-repeat":"repeat","background-position":"center center","background-size":"auto","background-attachment":"scroll","background-type":"","background-media":"","overlay-type":"","overlay-color":"","overlay-opacity":"","overlay-gradient":""},"mobile":{"background-color":"","background-image":"","background-repeat":"repeat","background-position":"center center","background-size":"auto","background-attachment":"scroll","background-type":"","background-media":"","overlay-type":"","overlay-color":"","overlay-opacity":"","overlay-gradient":""}},"ast-content-background-meta":{"desktop":{"background-color":"var(--ast-global-color-5)","background-image":"","background-repeat":"repeat","background-position":"center center","background-size":"auto","background-attachment":"scroll","background-type":"","background-media":"","overlay-type":"","overlay-color":"","overlay-opacity":"","overlay-gradient":""},"tablet":{"background-color":"var(--ast-global-color-5)","background-image":"","background-repeat":"repeat","background-position":"center center","background-size":"auto","background-attachment":"scroll","background-type":"","background-media":"","overlay-type":"","overlay-color":"","overlay-opacity":"","overlay-gradient":""},"mobile":{"background-color":"var(--ast-global-color-5)","background-image":"","background-repeat":"repeat","background-position":"center center","background-size":"auto","background-attachment":"scroll","background-type":"","background-media":"","overlay-type":"","overlay-color":"","overlay-opacity":"","overlay-gradient":""}},"iawp_total_views":2611,"footnotes":""},"class_list":["post-1549","page","type-page","status-publish","hentry"],"_links":{"self":[{"href":"https:\/\/braswellartscenter.com\/de\/wp-json\/wp\/v2\/pages\/1549","targetHints":{"allow":["GET"]}}],"collection":[{"href":"https:\/\/braswellartscenter.com\/de\/wp-json\/wp\/v2\/pages"}],"about":[{"href":"https:\/\/braswellartscenter.com\/de\/wp-json\/wp\/v2\/types\/page"}],"author":[{"embeddable":true,"href":"https:\/\/braswellartscenter.com\/de\/wp-json\/wp\/v2\/users\/1"}],"replies":[{"embeddable":true,"href":"https:\/\/braswellartscenter.com\/de\/wp-json\/wp\/v2\/comments?post=1549"}],"version-history":[{"count":23,"href":"https:\/\/braswellartscenter.com\/de\/wp-json\/wp\/v2\/pages\/1549\/revisions"}],"predecessor-version":[{"id":3830,"href":"https:\/\/braswellartscenter.com\/de\/wp-json\/wp\/v2\/pages\/1549\/revisions\/3830"}],"wp:attachment":[{"href":"https:\/\/braswellartscenter.com\/de\/wp-json\/wp\/v2\/media?parent=1549"}],"curies":[{"name":"wp","href":"https:\/\/api.w.org\/{rel}","templated":true}]}}