{"id":1413,"date":"2021-04-10T10:09:41","date_gmt":"2018-05-03T15:25:28","guid":{"rendered":"https:\/\/braswellartscenter.com\/home-2\/"},"modified":"2026-03-15T08:14:24","modified_gmt":"2026-03-15T07:14:24","slug":"home","status":"publish","type":"page","link":"https:\/\/braswellartscenter.com\/de\/","title":{"rendered":"Home"},"content":{"rendered":"<h2>\n\t\t\tWillkommen im BAC\t<\/h2>\n\t<p>Since 2017, we have proudly offered dance classes and artistic experiences for all ages, levels, and body types. Through arts education and exchange, the BAC fosters collaboration and creativity within both the local and international arts communities.<\/p>\n\t\t\t<a href=\"\/de\/schedule\/\" target=\"_blank\" rel=\"noopener\">\n\t\t\t\t\t\t\tJOIN A CLASS!\n\t\t\t\t\t<\/a>\n<h2>\n\t\t\tSTUNDENPLAN\t<\/h2>\n<h3>\n\t\t\tStudio 1\t<\/h3>\n\t\t\t\t<img decoding=\"async\" src=\"https:\/\/ejvcz4jyy33.exactdn.com\/wp-content\/uploads\/2025\/12\/s1-bac-jan-2026-schedule-adult-schedule-.jpg?strip=all&resize=1220%2C1920\" alt=\"s1 bac jan 2026 schedule adult schedule\" itemprop=\"image\" height=\"1920\" width=\"1220\" title=\"S1 BAC Jan 2026 Schedule - Adult Schedule\" onerror=\"this.style.display='none'\" loading=\"lazy\" \/>\n\t\t\t\t<img decoding=\"async\" src=\"https:\/\/ejvcz4jyy33.exactdn.com\/wp-content\/plugins\/bb-plugin\/img\/pixel.png?strip=all&w=1920\" alt=\"\" itemprop=\"image\" onerror=\"this.style.display='none'\" loading=\"lazy\" \/>\n<h3>\n\t\t\tStudio 2\t<\/h3>\n\t\t\t\t<img decoding=\"async\" src=\"https:\/\/ejvcz4jyy33.exactdn.com\/wp-content\/uploads\/2025\/12\/s2-bac-jan-2026-schedule-adult-schedule-.jpg?strip=all&resize=1218%2C1920\" alt=\"s2 bac jan 2026 schedule adult schedule\" itemprop=\"image\" height=\"1920\" width=\"1218\" title=\"S2 BAC Jan 2026 Schedule - Adult Schedule\" onerror=\"this.style.display='none'\" loading=\"lazy\" \/>\n\t\t\t<a href=\"\/de\/app\/\" target=\"_blank\" rel=\"noopener\">\n\t\t\t\t\t\t\tDOWNLOAD OUR APP\n\t\t\t\t\t<\/a>\n\t\t\t<a href=\"#\" role=\"button\">\n\t\t\t\t\t\t\t1-W\u00d6CHIGE PROBE-\n\t\t\t\t\t<\/a>\n\t\t\t<healcode-widget data-version=\"0.2\" data-link-class=\"healcode-pricing-option-text-link\" data-site-id=\"33464\" data-mb-site-id=\"546699\" data-service-id=\"103093\" data-bw-identity-site=\"true\" data-type=\"pricing-link\" data-inner-html=\"1-Week Trial\"><\/healcode-widget>\t\t\n\t\t\t<a href=\"\/de\/adult-dance-classes\/\" target=\"_self\">\n\t\t\t\t\t\t\tTANZKURSE F\u00dcR ERWACHSENE\n\t\t\t\t\t<\/a>\n\t\t\t<a href=\"\/de\/bac-kids-and-teen-program\/\" target=\"_self\">\n\t\t\t\t\t\t\tKINDERTANZKURSE\n\t\t\t\t\t<\/a>\n\t\t\t<a href=\"\/de\/pre-professional-program\/\" target=\"_self\">\n\t\t\t\t\t\t\tPRE-PROFESSIONAL PROGRAMM\n\t\t\t\t\t<\/a>\n\t\t\t<a href=\"https:\/\/braswellartscenter.com\/de\/holiday-arts-camp\/\" target=\"_self\">\n\t\t\t\t\t\t\tHoliday Arts Camp\n\t\t\t\t\t<\/a>\n\t\t\t<a href=\"\/de\/support\/\" target=\"_self\">\n\t\t\t\t\t\t\tBAC unterst\u00fctzen\n\t\t\t\t\t<\/a>\n\t\t\t<a href=\"\/de\/artist-circle\/\" target=\"_self\">\n\t\t\t\t\t\t\tPROFESSIONAL ARTIST DISCOUNT\n\t\t\t\t\t<\/a>\n\t\t\t\t<a href=\"https:\/\/braswellarts.payrexx.com\/en\/pay?cid=3ddb07be\"  target=\"_blank\" rel=\"noopener\"  itemprop=\"url\">\n\t\t\t\t<img decoding=\"async\" src=\"https:\/\/ejvcz4jyy33.exactdn.com\/wp-content\/uploads\/2026\/03\/in-process-poster-2026.jpeg?strip=all&resize=1358%2C1920\" alt=\"in process studio showing braswell arts center\" itemprop=\"image\" height=\"1920\" width=\"1358\" title=\"in process poster 2026\" onerror=\"this.style.display='none'\" loading=\"lazy\" \/>\n\t\t\t\t<\/a>\n\t\t\t\t<a href=\"https:\/\/www.braswellarts.org\/pre-professional-program\/\"  target=\"_blank\" rel=\"noopener\"  itemprop=\"url\">\n\t\t\t\t<img decoding=\"async\" src=\"https:\/\/ejvcz4jyy33.exactdn.com\/wp-content\/uploads\/2026\/01\/purple-ppp-poster-2026.jpg?strip=all&resize=1358%2C1920\" alt=\"Audition Braswell Arts Pre Professional Program\" itemprop=\"image\" height=\"1920\" width=\"1358\" title=\"purple PPP poster 2026\" onerror=\"this.style.display='none'\" loading=\"lazy\" \/>\n\t\t\t\t<\/a>\n<h1>\n\t\t\tCultural exchange\t<\/h1>\n\t\t\t\t<img decoding=\"async\" src=\"https:\/\/ejvcz4jyy33.exactdn.com\/wp-content\/uploads\/2025\/12\/2e0c39f3-3521-4967-ae86-85a299ecfcfa.jpg?strip=all&resize=717%2C1080\" alt=\"2e0c39f3 3521 4967 ae86 85a299ecfcfa\" itemprop=\"image\" height=\"1080\" width=\"717\" title=\"2E0C39F3-3521-4967-AE86-85A299ECFCFA\" onerror=\"this.style.display='none'\" loading=\"lazy\" \/>\n\t<strong data-width=\"262\">January\u00a0 &#8211; July, 2026<\/strong><br \/>\n<strong data-width=\"143\">Pre-Professional Program<\/strong>\n<strong data-start=\"178\" data-end=\"203\">Olamide Olawale Ajoke<\/strong> is an award-winning Nigerian ballet and contemporary dancer trained at the <a href=\"https:\/\/leapofdanceacademyng.com\/#page-top\">Leap of Dance Academy<\/a> in Lagos. A Gold Medalist at the 2024 World Ballet Grand Prix Norway (Contemporary Solo) and Ballet Beyond Borders, she has trained and performed across Europe and Africa. She is joining the <a href=\"https:\/\/www.braswellarts.org\/pre-professional-program\/\">Braswell Arts Center Pre-Professional Program<\/a><strong data-start=\"492\" data-end=\"575\"> in Basel as a scholarship student<\/strong>, and additional support is still needed to help cover her living expenses during her stay.\n\t\t\t<a href=\"https:\/\/braswellarts.payrexx.com\/en\/pay?cid=f4125b80\" target=\"_blank\" rel=\"noopener\">\n\t\t\t\t\t\t\tSupport Olamide\n\t\t\t\t\t<\/a>\n<h1>\n\t\t\tArt Therapy Workshop\t<\/h1>\n\t\t\t\t<img decoding=\"async\" src=\"https:\/\/ejvcz4jyy33.exactdn.com\/wp-content\/uploads\/2026\/02\/screenshot_20251219_132059_instagram.jpg?strip=all&resize=1080%2C1250\" alt=\"screenshot 20251219 132059 instagram\" itemprop=\"image\" height=\"1250\" width=\"1080\" title=\"Screenshot_20251219_132059_Instagram\" onerror=\"this.style.display='none'\" loading=\"lazy\" \/>\n\t<strong>Sunday, April 19, 2026<\/strong><br data-start=\"1484\" data-end=\"1487\" \/><strong>11:00 AM &#8211; 3:00 PM<\/strong>\nBraswell Arts Center hosts a guided art therapy retreat integrating creative process, breathwork, and sound elements. A structured and supportive space for reflection, resilience, and renewal.\n\n\t\t\t<a href=\"https:\/\/braswellartscenter.com\/de\/art-therapy\/\" target=\"_blank\" rel=\"noopener\">\n\t\t\t\t\t\t\tMehr Infos hier\n\t\t\t\t\t<\/a>\n<h2>\n\t\t\tABOUT THE SPACE\t<\/h2>\n\t\t\t\t\t<img decoding=\"async\" src=\"https:\/\/i.ytimg.com\/vi\/7bCu7v8h3WQ\/maxresdefault.jpg\" alt=\"youtube-video-thumbnail\"\/>\n\t\t<h2>\n\t\t\tThe Braswell Arts Center is supported by the Christoph Merian Stiftung\t<\/h2>\n\t\t\t\t<img decoding=\"async\" src=\"https:\/\/ejvcz4jyy33.exactdn.com\/wp-content\/uploads\/2023\/11\/cms-logo_5_cms-1.png?strip=all&resize=367%2C160\" alt=\"cms logo 5 cms\" itemprop=\"image\" height=\"160\" width=\"367\" title=\"cms Logo_5_cms\" onerror=\"this.style.display='none'\" loading=\"lazy\" \/>\n<h2>\n\t\t\tWorking Professional Program\t<\/h2>\n\t<p>Our Working Professional Program is designed for adults seeking to balance their passion for dance with their professional lives. This year-round training program offers flexible morning, evening and weekend classes across various dance styles. For more information:<strong>\u00a0<a href=\"https:\/\/braswellartscenter.com\/de\/working-professionals-program\/\">Working Professional Program<\/a><\/strong><\/p>\n\t\t\t<a href=\"https:\/\/braswellartscenter.com\/de\/about\/\" target=\"_blank\" rel=\"noopener\">\n\t\t\t\t\t\t\t\u00dcber uns\n\t\t\t\t\t<\/a>\n\t\t\t<a href=\"https:\/\/braswellartscenter.com\/de\/contact\/\" target=\"_blank\" rel=\"noopener\">\n\t\t\t\t\t\t\tKontakt\n\t\t\t\t\t<\/a>\n\t\t\t<a href=\"https:\/\/braswellartscenter.com\/de\/the-space\/\" target=\"_blank\" rel=\"noopener\">\n\t\t\t\t\t\t\tDie R\u00e4umlichkeiten\n\t\t\t\t\t<\/a>\n\t\t\t<a href=\"\/de\/jobs\/\" target=\"_self\">\n\t\t\t\t\t\t\tStellenangebote\n\t\t\t\t\t<\/a>\n\t\t\t<a href=\"\/de\/support\/\" target=\"_blank\" rel=\"noopener\">\n\t\t\t\t\t\t\tSo unterst\u00fctzen Sie uns\n\t\t\t\t\t<\/a>\n\t\t\t<a href=\"\/de\/artist-circle\/\" target=\"_self\">\n\t\t\t\t\t\t\tProfessional Artist Discount\n\t\t\t\t\t<\/a>\n<h2>\n\t\t\tIN DEN NACHRICHTEN ERSCHIENEN\t<\/h2>\n        \t<a href=\"https:\/\/www.basellive.ch\/blog\/sali-ich-bi-neu\/ziox\" target=\"_blank\" rel=\"nofollow noopener\">            \n\t\t\t\t\t\t<img decoding=\"async\" src=\"https:\/\/ejvcz4jyy33.exactdn.com\/wp-content\/uploads\/2023\/04\/basel-live-logo.png?strip=all&w=1920\" alt=\"basel live logo\" data-no-lazy=\"1\" \/>\t\t\t\t\t\n            <\/a>\t\t\n        \t<a href=\"https:\/\/bluewin.ch\/de\/leben\/lifestyle\/armando-braswell-manchmal-fuehle-ich-mich-wie-im-himmel-377822.html\" target=\"_blank\" rel=\"nofollow noopener\">            \n\t\t\t\t\t\t<img decoding=\"async\" src=\"https:\/\/ejvcz4jyy33.exactdn.com\/wp-content\/uploads\/2020\/04\/bluewin_logo.png?strip=all&w=1920\" alt=\"https:\/\/ejvcz4jyy33.exactdn.com\/wp-content\/uploads\/2020\/04\/bluewin_logo.png?strip=all&w=1920\" data-no-lazy=\"1\" \/>\t\t\t\t\t\n            <\/a>\t\t\n        \t<a href=\"https:\/\/annabelle.ch\/leben\/sport\/ballett-f%C3%BCr-alle-48806\" target=\"_blank\" rel=\"nofollow noopener\">            \n\t\t\t\t\t\t<img decoding=\"async\" src=\"https:\/\/ejvcz4jyy33.exactdn.com\/wp-content\/uploads\/2019\/07\/new-annabelle-magazine-logo.jpg?strip=all&w=1920\" alt=\"https:\/\/ejvcz4jyy33.exactdn.com\/wp-content\/uploads\/2019\/07\/new-annabelle-magazine-logo.jpg?strip=all&w=1920\" data-no-lazy=\"1\" \/>\t\t\t\t\t\n            <\/a>\t\t\n        \t<a href=\"https:\/\/migrosmagazin.ch\/archiv\/taenzer-mit-herz\" target=\"_blank\" rel=\"nofollow noopener\">            \n\t\t\t\t\t\t<img decoding=\"async\" src=\"https:\/\/ejvcz4jyy33.exactdn.com\/wp-content\/uploads\/2019\/07\/migros-magazine-logo.jpg?strip=all&w=1920\" alt=\"https:\/\/ejvcz4jyy33.exactdn.com\/wp-content\/uploads\/2019\/07\/migros-magazine-logo.jpg?strip=all&w=1920\" data-no-lazy=\"1\" \/>\t\t\t\t\t\n            <\/a>\t\t\n        \t<a href=\"https:\/\/telebasel.ch\/2018\/06\/22\/hauptsache-ich-kann-jemandem-eine-freude-machen\/\" target=\"_blank\" rel=\"nofollow noopener\">            \n\t\t\t\t\t\t<img decoding=\"async\" src=\"https:\/\/ejvcz4jyy33.exactdn.com\/wp-content\/uploads\/2019\/07\/new-telebasel-logo.jpg?strip=all&w=1920\" alt=\"https:\/\/ejvcz4jyy33.exactdn.com\/wp-content\/uploads\/2019\/07\/new-telebasel-logo.jpg?strip=all&w=1920\" data-no-lazy=\"1\" \/>\t\t\t\t\t\n            <\/a>\t\t\n        \t<a href=\"https:\/\/srf.ch\/play\/tv\/glanz--gloria\/video\/armando-braswell-ein-new-yorker-tanzt-sich-durch-basel?id=285d75ef-0829-4412-8e3a-774b0c3ece48\" target=\"_blank\" rel=\"nofollow noopener\">            \n\t\t\t\t\t\t<img decoding=\"async\" src=\"https:\/\/ejvcz4jyy33.exactdn.com\/wp-content\/uploads\/2019\/07\/new-srf-1-logo.jpg?strip=all&w=1920\" alt=\"https:\/\/ejvcz4jyy33.exactdn.com\/wp-content\/uploads\/2019\/07\/new-srf-1-logo.jpg?strip=all&w=1920\" data-no-lazy=\"1\" \/>\t\t\t\t\t\n            <\/a>\t\t\n        \t<a href=\"https:\/\/srf.ch\/play\/tv\/glanz--gloria\/video\/armando-braswell-ein-new-yorker-tanzt-sich-durch-basel?id=285d75ef-0829-4412-8e3a-774b0c3ece48\" target=\"_blank\" rel=\"nofollow noopener\">            \n\t\t\t\t\t\t<img decoding=\"async\" src=\"https:\/\/ejvcz4jyy33.exactdn.com\/wp-content\/uploads\/2019\/07\/new-glanz-und-gloria-logo.jpg?strip=all&w=1920\" alt=\"https:\/\/ejvcz4jyy33.exactdn.com\/wp-content\/uploads\/2019\/07\/new-glanz-und-gloria-logo.jpg?strip=all&w=1920\" data-no-lazy=\"1\" \/>\t\t\t\t\t\n            <\/a>\t\t\n        \t<a href=\"https:\/\/blackenterprise.com\/be-modern-man-armando-braswell\/\" target=\"_blank\" rel=\"nofollow noopener\">            \n\t\t\t\t\t\t<img decoding=\"async\" src=\"https:\/\/ejvcz4jyy33.exactdn.com\/wp-content\/uploads\/2019\/07\/black-enterpise-logo.jpg?strip=all&w=1920\" alt=\"https:\/\/ejvcz4jyy33.exactdn.com\/wp-content\/uploads\/2019\/07\/black-enterpise-logo.jpg?strip=all&w=1920\" data-no-lazy=\"1\" \/>\t\t\t\t\t\n            <\/a>\t\t\n        \t<a href=\"https:\/\/wiewaersmalmit.ch\/Ballett-Dienstag-Armando-Braswell-im-Gesprach\" target=\"_blank\" rel=\"nofollow noopener\">            \n\t\t\t\t\t\t<img decoding=\"async\" src=\"https:\/\/ejvcz4jyy33.exactdn.com\/wp-content\/uploads\/2019\/07\/wwwm-logo.jpg?strip=all&w=1920\" alt=\"https:\/\/ejvcz4jyy33.exactdn.com\/wp-content\/uploads\/2019\/07\/wwwm-logo.jpg?strip=all&w=1920\" data-no-lazy=\"1\" \/>\t\t\t\t\t\n            <\/a>\t\t\n        \t<a href=\"https:\/\/braswellartscenter.com\/wp-content\/uploads\/2022\/11\/regio-aktuell-armando-braswell-1-uai-2064x1385-1.pdf\" target=\"_blank\" rel=\"nofollow noopener\">            \n\t\t\t\t\t\t<img decoding=\"async\" src=\"https:\/\/ejvcz4jyy33.exactdn.com\/wp-content\/uploads\/2019\/07\/new-regio-aktuel-logo.jpg?strip=all&w=1920\" alt=\"https:\/\/ejvcz4jyy33.exactdn.com\/wp-content\/uploads\/2019\/07\/new-regio-aktuel-logo.jpg?strip=all&w=1920\" data-no-lazy=\"1\" \/>\t\t\t\t\t\n            <\/a>\t\t\n        \t<a href=\"https:\/\/braswellartscenter.com\/wp-content\/uploads\/2022\/11\/basel-life-magazine-armando-braswell-1-uai-2064x1460-1.pdf\" target=\"_blank\" rel=\"nofollow noopener\">            \n\t\t\t\t\t\t<img decoding=\"async\" src=\"https:\/\/ejvcz4jyy33.exactdn.com\/wp-content\/uploads\/2019\/07\/basel-life-magazine-logo.jpg?strip=all&w=1920\" alt=\"https:\/\/ejvcz4jyy33.exactdn.com\/wp-content\/uploads\/2019\/07\/basel-life-magazine-logo.jpg?strip=all&w=1920\" data-no-lazy=\"1\" \/>\t\t\t\t\t\n            <\/a>\t\t\n        \t<a href=\"https:\/\/www.youtube.com\/watch?v=pmc8bgxYHEI\" target=\"_blank\" rel=\"nofollow noopener\">            \n\t\t\t\t\t\t<img decoding=\"async\" src=\"https:\/\/ejvcz4jyy33.exactdn.com\/wp-content\/uploads\/2019\/07\/new-radio-x-logo.jpg?strip=all&w=1920\" alt=\"https:\/\/ejvcz4jyy33.exactdn.com\/wp-content\/uploads\/2019\/07\/new-radio-x-logo.jpg?strip=all&w=1920\" data-no-lazy=\"1\" \/>\t\t\t\t\t\n            <\/a>\t\t\n        \t<a href=\"https:\/\/braswellartscenter.com\/wp-content\/uploads\/2022\/11\/armando-braswell-tanz-magazine-2-uai-2064x1344-1.pdf\" target=\"_blank\" rel=\"nofollow noopener\">            \n\t\t\t\t\t\t<img decoding=\"async\" src=\"https:\/\/ejvcz4jyy33.exactdn.com\/wp-content\/uploads\/2019\/07\/new-tanz-magazine-logo.jpg?strip=all&w=1920\" alt=\"https:\/\/ejvcz4jyy33.exactdn.com\/wp-content\/uploads\/2019\/07\/new-tanz-magazine-logo.jpg?strip=all&w=1920\" data-no-lazy=\"1\" \/>\t\t\t\t\t\n            <\/a>\t\t\n\t\t\t<button>Next<\/button>\n\t\t<button>Previous<\/button>\n<h2>\n\t\t\tBAC ON BASEL LIVE\t<\/h2>\n\t\t\t\t<a href=\"https:\/\/www.basellive.ch\/blog\/sali-ich-bi-neu\/ziox\"  target=\"_blank\" rel=\"noopener\"  itemprop=\"url\">\n\t\t\t\t<img decoding=\"async\" src=\"https:\/\/ejvcz4jyy33.exactdn.com\/wp-content\/uploads\/2023\/04\/230401_viswerk_bac-63.jpg?strip=all&resize=1920%2C1279\" alt=\"230401 viswerk bac 63\" itemprop=\"image\" height=\"1279\" width=\"1920\" title=\"230401_Viswerk_BAC-63\" onerror=\"this.style.display='none'\" loading=\"lazy\" \/>\n\t\t\t\t<\/a>\n<h2>\n\t\t\tARMANDO AND RAMSTEIN OPTIK\t<\/h2>\n\t\t<iframe loading=\"lazy\" width=\"560\" height=\"315\" src=\"https:\/\/www.youtube.com\/embed\/M64491StoHs?si=6ftSXm0bE6V6x8gl\" title=\"YouTube video player\" frameborder=\"0\" allow=\"accelerometer; autoplay; clipboard-write; encrypted-media; gyroscope; picture-in-picture; web-share\" referrerpolicy=\"strict-origin-when-cross-origin\" allowfullscreen><\/iframe>\t\n<h2>\n\t\t\tFROM THE STUDIO\t<\/h2>\n\t<i>&#9733;<\/i><i>&#9733;<\/i><i>&#9733;<\/i><i>&#9733;<\/i><i>&#9733;<\/i>\t5\/5\n\t&#8220;The classes have such a positive energy. I feel Armando and Lisa, have brought a little bit of New York with them to Basel.&#8221; &#8211; Lea\n\t<i>&#9733;<\/i><i>&#9733;<\/i><i>&#9733;<\/i><i>&#9733;<\/i><i>&#9733;<\/i>\t5\/5\n\t&#8220;I went to a ballet class that was for every level and absolutely loved it. The vibe at the studio was fantastic&#8221;. &#8211; Anne\n\t<i>&#9733;<\/i><i>&#9733;<\/i><i>&#9733;<\/i><i>&#9733;<\/i><i>&#9733;<\/i>\t5\/5\n\t&#8220;The Braswell Arts Center is my safe haven. I leave all my problems for these moments and just dance.&#8221; -C\u00e4celia\n\t<i>&#9733;<\/i><i>&#9733;<\/i><i>&#9733;<\/i><i>&#9733;<\/i><i>&#9733;<\/i>\t5\/5\n\t&#8220;I have been dancing at the BAC for several years and am very happy with the experience. People of all ages and backgrounds meet here to follow their dance passion.&#8221; &#8211; Miruschka C\n\t<i>&#9733;<\/i><i>&#9733;<\/i><i>&#9733;<\/i><i>&#9733;<\/i><i>&#9733;<\/i>\t5\/5\n\t&#8220;Wunderbare Lehrer*innen, sch\u00f6ne famili\u00e4re Stimmung, etwas f\u00fcr alle Altersgruppen und Levels.&#8221; Danith G.\n\t<i>&#9733;<\/i><i>&#9733;<\/i><i>&#9733;<\/i><i>&#9733;<\/i><i>&#9733;<\/i>\t5\/5\n\t&#8220;This is my temple. I love the teachers and community here. So much care here!!&#8221; &#8211; Tilla","protected":false},"excerpt":{"rendered":"<p>Welcome to BAC Since 2017, we have proudly offered dance classes and artistic experiences for all ages, levels, and body types. Through arts education and exchange, the BAC fosters collaboration and creativity within both the local and international arts communities. JOIN A CLASS! CLASS SCHEDULE Studio 1 Studio 2 DOWNLOAD OUR APP 1-WEEK TRIAL ADULT [&hellip;]<\/p>","protected":false},"author":1,"featured_media":0,"parent":0,"menu_order":0,"comment_status":"closed","ping_status":"open","template":"","meta":{"_seopress_robots_primary_cat":"","_seopress_titles_title":"","_seopress_titles_desc":"","_seopress_robots_index":"","site-sidebar-layout":"default","site-content-layout":"default","ast-site-content-layout":"default","site-content-style":"default","site-sidebar-style":"default","ast-global-header-display":"","ast-banner-title-visibility":"","ast-main-header-display":"","ast-hfb-above-header-display":"","ast-hfb-below-header-display":"","ast-hfb-mobile-header-display":"","site-post-title":"disabled","ast-breadcrumbs-content":"","ast-featured-img":"","footer-sml-layout":"","theme-transparent-header-meta":"default","adv-header-id-meta":"","stick-header-meta":"default","header-above-stick-meta":"","header-main-stick-meta":"","header-below-stick-meta":"","astra-migrate-meta-layouts":"set","ast-page-background-enabled":"default","ast-page-background-meta":{"desktop":{"background-color":"var(--ast-global-color-4)","background-image":"","background-repeat":"repeat","background-position":"center center","background-size":"auto","background-attachment":"scroll","background-type":"","background-media":"","overlay-type":"","overlay-color":"","overlay-opacity":"","overlay-gradient":""},"tablet":{"background-color":"","background-image":"","background-repeat":"repeat","background-position":"center center","background-size":"auto","background-attachment":"scroll","background-type":"","background-media":"","overlay-type":"","overlay-color":"","overlay-opacity":"","overlay-gradient":""},"mobile":{"background-color":"","background-image":"","background-repeat":"repeat","background-position":"center center","background-size":"auto","background-attachment":"scroll","background-type":"","background-media":"","overlay-type":"","overlay-color":"","overlay-opacity":"","overlay-gradient":""}},"ast-content-background-meta":{"desktop":{"background-color":"var(--ast-global-color-5)","background-image":"","background-repeat":"repeat","background-position":"center center","background-size":"auto","background-attachment":"scroll","background-type":"","background-media":"","overlay-type":"","overlay-color":"","overlay-opacity":"","overlay-gradient":""},"tablet":{"background-color":"var(--ast-global-color-5)","background-image":"","background-repeat":"repeat","background-position":"center center","background-size":"auto","background-attachment":"scroll","background-type":"","background-media":"","overlay-type":"","overlay-color":"","overlay-opacity":"","overlay-gradient":""},"mobile":{"background-color":"var(--ast-global-color-5)","background-image":"","background-repeat":"repeat","background-position":"center center","background-size":"auto","background-attachment":"scroll","background-type":"","background-media":"","overlay-type":"","overlay-color":"","overlay-opacity":"","overlay-gradient":""}},"iawp_total_views":38052,"footnotes":""},"class_list":["post-1413","page","type-page","status-publish","hentry"],"_links":{"self":[{"href":"https:\/\/braswellartscenter.com\/de\/wp-json\/wp\/v2\/pages\/1413","targetHints":{"allow":["GET"]}}],"collection":[{"href":"https:\/\/braswellartscenter.com\/de\/wp-json\/wp\/v2\/pages"}],"about":[{"href":"https:\/\/braswellartscenter.com\/de\/wp-json\/wp\/v2\/types\/page"}],"author":[{"embeddable":true,"href":"https:\/\/braswellartscenter.com\/de\/wp-json\/wp\/v2\/users\/1"}],"replies":[{"embeddable":true,"href":"https:\/\/braswellartscenter.com\/de\/wp-json\/wp\/v2\/comments?post=1413"}],"version-history":[{"count":11,"href":"https:\/\/braswellartscenter.com\/de\/wp-json\/wp\/v2\/pages\/1413\/revisions"}],"predecessor-version":[{"id":4127,"href":"https:\/\/braswellartscenter.com\/de\/wp-json\/wp\/v2\/pages\/1413\/revisions\/4127"}],"wp:attachment":[{"href":"https:\/\/braswellartscenter.com\/de\/wp-json\/wp\/v2\/media?parent=1413"}],"curies":[{"name":"wp","href":"https:\/\/api.w.org\/{rel}","templated":true}]}}