{"id":134,"date":"2018-05-15T15:30:56","date_gmt":"2018-05-03T15:25:28","guid":{"rendered":"https:\/\/braswellartscenter.com\/classes-programs-2\/"},"modified":"2025-11-25T13:56:57","modified_gmt":"2025-11-25T12:56:57","slug":"about","status":"publish","type":"page","link":"https:\/\/braswellartscenter.com\/de\/about\/","title":{"rendered":"Was ist das BAC?"},"content":{"rendered":"<img decoding=\"async\" src=\"https:\/\/i.ytimg.com\/vi\/mrjA2_dLzgQ\/maxresdefault.jpg\" alt=\"youtube-video-thumbnail\"\/>\n\t<p>After many years of thinking of a way to bridge the gap between art and the public, the idea for the Braswell Arts Center was born. Since 2015, we are proud to offer dance classes and other artistic experiences for all ages, levels, and body types as well as create fresh initiatives for underprivileged children and development opportunities for emerging artists. The BAC is available for dance performances, concerts, gallery exhibitions, and special events. Through arts education and exchange, the BAC strives to encourage collaboration, creation, networking and entrepreneurship within the local and international arts community.<\/p>\n<h2>\n\t\t\tMission\t<\/h2>\n\t<p>The Braswell Arts Center is a space for creativity, collaboration and innovation in all art forms. Our mission at the Braswell Arts Center is to foster a diverse and inclusive community that empowers individuals through comprehensive and innovative arts education. We are committed to nurturing the holistic development of our students-physically, mentally, and emotionally-while preparing them for diverse pathways in life.<\/p>\n<h2>\n\t\t\tUnsere Werte\t<\/h2>\n\t<p><b>Diverse Lebensl\u00e4ufe:<\/b><\/p>\n<p>Wir bieten ein reichhaltiges Angebot an k\u00fcnstlerischen Erfahrungen an und ermutigen zur Erkundung jenseits eines strengen Lehrplans. Unsere Sch\u00fcler*innen konzentrieren sich nicht nur auf die Ausf\u00fchrung, sondern werden darin gef\u00f6rdert, sich als vielseitige K\u00fcnstler*innen und Menschen zu entwickeln.<\/p>\n<p><b>Ganzheitlicher Ansatz:<\/b><\/p>\n<p>Unser Programm ist auf die Entwicklung des gesamten Menschen ausgerichtet. Neben dem k\u00f6rperlichen Training ist uns die geistige und emotionale Gesundheit wichtig. Wir unterst\u00fctzen dies mit unseren Cross-Trainings, Ern\u00e4hrungsberatung, Selbstmanagement und Programmen zur Verletzungspr\u00e4vention.<\/p>\n<p><b>Integratives Umfeld:<\/b><\/p>\n<p>Wir begr\u00fcssen und feiern Sch\u00fcler*innen und Dozierende aller Geschlechter, K\u00f6rperformen und F\u00e4higkeiten. Unsere Gemeinschaft ist offen und akzeptierend und vermeidet jegliche diskriminierende Praxis.<\/p>\n<p><b>Innovative Choreographie:<\/b><\/p>\n<p>Wir f\u00f6rdern die Kreativit\u00e4t durch Choreographien, die die klassischen Grenzen \u00fcberschreiten, indem wir uns mit zeitgen\u00f6ssischen Werken auseinandersetzen und neue Kompositionen anregen.<\/p>\n<p><b>Sch\u00fclerorientierter Unterricht:<\/b><\/p>\n<p>Unsere Lehrmethoden legen Wert auf das Engagement der Sch\u00fcler*innen und f\u00f6rdern ein Umfeld, in dem die Sch\u00fcler*innen bef\u00e4higt und ermutigt werden, ihre Lernprozesse selbst in die Hand zu nehmen.<\/p>\n<p><b>Positives Feedback und Ermutigung:<\/b><\/p>\n<p>Unsere P\u00e4dagogen sind bestrebt, die Sch\u00fcler*innen durch positive Best\u00e4rkung, konstruktive Kritik und ein unterst\u00fctzendes Umfeld zu f\u00f6rdern.<\/p>\n<p><b>F\u00f6rderung eines gesunden K\u00f6rpergef\u00fchls:<\/b><\/p>\n<p>We actively promote and celebrate a variety of body types, encouraging a healthy, loving relationship with one&#8217;s own body.<\/p>\n<p><b>Engagement der Eltern und der Gemeinschaft:<\/b><\/p>\n<p>We believe in open communication with parents and actively involve our community in our center&#8217;s life through performances, decision-making, and a collaborative approach to arts education.<\/p>\n<p><b>Zeitgem\u00e4sse Trainingsmethoden:<\/b><\/p>\n<p>Unser Lehrplan basiert auf den neuesten Erkenntnissen der Kunst- und Bildungsforschung, wobei wir eine Vielzahl von Lehrmethoden einsetzen, die auf die individuellen Bed\u00fcrfnisse der Sch\u00fcler*innen abgestimmt sind.<\/p>\n<p><b>Berufliche Entwicklung f\u00fcr Lehrer*innen:<\/b><\/p>\n<p>Wir legen grossen Wert auf die st\u00e4ndige Weiterbildung und das berufliche Wachstum unserer Lehrkr\u00e4fte, um sicherzustellen, dass sie in der Kunstvermittlung stets auf dem neusten Stand sind.<\/p>\n<p><b>Einsatz von Technologie:<\/b><\/p>\n<p>Wir machen uns das digitale Zeitalter zu eigen, indem wir virtuelle Klassen, Videoanalysen und Online-Ressourcen als integrale Bestandteile unseres Bildungsansatzes einbeziehen.<\/p>\n<p><b>Vielf\u00e4ltige Berufswege:<\/b><\/p>\n<p>Diejenigen, die eine professionelle Karriere im Tanz anstreben, bereiten wir auf eine Vielzahl von Karrieren im Tanzbereich vor, die \u00fcber die Performance hinausgehen und Choreographie, Tanztherapie und Kunstverst\u00e4ndnis umfassen.<\/p>\n<h2>\n\t\t\tVerhaltenskodex\t<\/h2>\n<p>Das Braswell Arts Center und das Braswell Arts Pre-Professional Dance Program haben es sich zur Aufgabe gemacht, ein sicheres, positives und f\u00f6rderliches Umfeld f\u00fcr unsere angehenden T\u00e4nzer*innen zu schaffen. Unser Programm unterliegt einem umfassenden Verhaltenskodex, der die Erwartungen und Standards f\u00fcr unsere Sch\u00fcler*innen, Eltern, Lehrpersonen und Mitarbeitenden umfasst. Dieser Verhaltenskodex wurde entwickelt, um eine respektvolle und unterst\u00fctzende Gemeinschaft innerhalb unserer Institution zu f\u00f6rdern.<\/p>\n<p>Unser Verhaltenskodex ist bei der Europ\u00e4ischen Kommission registriert <strong>Basel Talents Leistungssportf\u00f6rderung<\/strong> und <strong>Danse Suisse<\/strong>. Diese Erfassung best\u00e4tigt unser Engagement, die h\u00f6chsten Standards der Tanzausbildung und des ethischen Verhaltens aufrechtzuerhalten.<\/p>\n<p><strong>Rehabilitation und Pr\u00e4vention<\/strong><\/p>\n<p>Zus\u00e4tzlich zu unserem Verhaltenskodex haben wir einen wichtigen Schritt unternommen, um die mentale und emotionale Gesundheit unserer jungen T\u00e4nzer*innen in den Vordergrund zu stellen. Wir haben <strong>Barbara Handschin Lic. phil.<\/strong>, eine Psychologin, als unsere Fachkraft f\u00fcr <strong>Rehabilitation und Pr\u00e4vention<\/strong> f\u00fcr unser Pre-professional Programm ernannt.<\/p>\n<p>Barbara Handschin bringt eine F\u00fclle von Erfahrungen und Fachwissen in diese Funktion ein. Zu ihren Hauptaufgaben geh\u00f6ren:<\/p>\n<ul>\n<li>Bereitstellung von psychologischer Unterst\u00fctzung und Ressourcen f\u00fcr unsere Sch\u00fcler*innen,<\/li>\n<li>Entwicklung und Beaufsichtigung eines umfassenden Pr\u00e4ventions- und Rehabilitationsprogramms in unserer Einrichtung,<\/li>\n<li>Funktion unabh\u00e4ngige Ressource f\u00fcr unsere jungen T\u00e4nzer*innen und Sicherstellung, dass ihr geistiges, emotionales und k\u00f6rperliches Wohlbefinden stets unterst\u00fctzt wird und h\u00f6chste Priorit\u00e4t hat.<\/li>\n<\/ul>\n<p>Our students&#8217; well-being is at the heart of everything we do at the Braswell Arts Pre-Professional Dance Program. We believe that this commitment, reflected in our Code of Conduct and the appointment of Ms. Handschin, sets a standard of excellence and care that defines our program as a leader in dance education.<\/p>\n<p>Wenn du weitere Informationen \u00fcber unseren Verhaltenskodex oder unser Engagement f\u00fcr das Wohlergehen der Sch\u00fcler*innen w\u00fcnschst, kannst du uns gerne kontaktieren.<\/p>\n\n\t\t\t<a href=\"\/de\/privacy\/\" target=\"_self\">\n\t\t\t\t\t\t\tOur Privacy Policy\n\t\t\t\t\t<\/a>","protected":false},"excerpt":{"rendered":"<p>After many years of thinking of a way to bridge the gap between art and the public, the idea for the Braswell Arts Center was born. Since 2015, we are proud to offer dance classes and other artistic experiences for all ages, levels, and body types as well as create fresh initiatives for underprivileged children [&hellip;]<\/p>","protected":false},"author":1,"featured_media":0,"parent":0,"menu_order":0,"comment_status":"closed","ping_status":"open","template":"","meta":{"_seopress_robots_primary_cat":"","_seopress_titles_title":"","_seopress_titles_desc":"","_seopress_robots_index":"","site-sidebar-layout":"default","site-content-layout":"default","ast-site-content-layout":"default","site-content-style":"default","site-sidebar-style":"default","ast-global-header-display":"","ast-banner-title-visibility":"","ast-main-header-display":"","ast-hfb-above-header-display":"","ast-hfb-below-header-display":"","ast-hfb-mobile-header-display":"","site-post-title":"disabled","ast-breadcrumbs-content":"","ast-featured-img":"","footer-sml-layout":"","theme-transparent-header-meta":"default","adv-header-id-meta":null,"stick-header-meta":"default","header-above-stick-meta":null,"header-main-stick-meta":"","header-below-stick-meta":null,"astra-migrate-meta-layouts":"default","ast-page-background-enabled":"default","ast-page-background-meta":{"desktop":{"background-color":"var(--ast-global-color-4)","background-image":"","background-repeat":"repeat","background-position":"center center","background-size":"auto","background-attachment":"scroll","background-type":"","background-media":"","overlay-type":"","overlay-color":"","overlay-opacity":"","overlay-gradient":""},"tablet":{"background-color":"","background-image":"","background-repeat":"repeat","background-position":"center center","background-size":"auto","background-attachment":"scroll","background-type":"","background-media":"","overlay-type":"","overlay-color":"","overlay-opacity":"","overlay-gradient":""},"mobile":{"background-color":"","background-image":"","background-repeat":"repeat","background-position":"center center","background-size":"auto","background-attachment":"scroll","background-type":"","background-media":"","overlay-type":"","overlay-color":"","overlay-opacity":"","overlay-gradient":""}},"ast-content-background-meta":{"desktop":{"background-color":"var(--ast-global-color-5)","background-image":"","background-repeat":"repeat","background-position":"center center","background-size":"auto","background-attachment":"scroll","background-type":"","background-media":"","overlay-type":"","overlay-color":"","overlay-opacity":"","overlay-gradient":""},"tablet":{"background-color":"var(--ast-global-color-5)","background-image":"","background-repeat":"repeat","background-position":"center center","background-size":"auto","background-attachment":"scroll","background-type":"","background-media":"","overlay-type":"","overlay-color":"","overlay-opacity":"","overlay-gradient":""},"mobile":{"background-color":"var(--ast-global-color-5)","background-image":"","background-repeat":"repeat","background-position":"center center","background-size":"auto","background-attachment":"scroll","background-type":"","background-media":"","overlay-type":"","overlay-color":"","overlay-opacity":"","overlay-gradient":""}},"iawp_total_views":3673,"footnotes":""},"class_list":["post-134","page","type-page","status-publish","hentry"],"_links":{"self":[{"href":"https:\/\/braswellartscenter.com\/de\/wp-json\/wp\/v2\/pages\/134","targetHints":{"allow":["GET"]}}],"collection":[{"href":"https:\/\/braswellartscenter.com\/de\/wp-json\/wp\/v2\/pages"}],"about":[{"href":"https:\/\/braswellartscenter.com\/de\/wp-json\/wp\/v2\/types\/page"}],"author":[{"embeddable":true,"href":"https:\/\/braswellartscenter.com\/de\/wp-json\/wp\/v2\/users\/1"}],"replies":[{"embeddable":true,"href":"https:\/\/braswellartscenter.com\/de\/wp-json\/wp\/v2\/comments?post=134"}],"version-history":[{"count":25,"href":"https:\/\/braswellartscenter.com\/de\/wp-json\/wp\/v2\/pages\/134\/revisions"}],"predecessor-version":[{"id":4045,"href":"https:\/\/braswellartscenter.com\/de\/wp-json\/wp\/v2\/pages\/134\/revisions\/4045"}],"wp:attachment":[{"href":"https:\/\/braswellartscenter.com\/de\/wp-json\/wp\/v2\/media?parent=134"}],"curies":[{"name":"wp","href":"https:\/\/api.w.org\/{rel}","templated":true}]}}