{"id":1211,"date":"2021-01-13T03:10:53","date_gmt":"2020-04-03T11:22:56","guid":{"rendered":"https:\/\/braswellartscenter.com\/class-video-archive-2\/"},"modified":"2022-11-17T20:51:35","modified_gmt":"2022-11-17T19:51:35","slug":"online-classes","status":"publish","type":"page","link":"https:\/\/braswellartscenter.com\/de\/online-classes\/","title":{"rendered":"Online Classes"},"content":{"rendered":"<h2>\n\t\tONLINE-KLASSEN\n\t<\/h2>\n\t<p>Here is your chance to join Basel&#8217;s popular community online! Inclusive online dance and fitness classes for all levels and all body types.<\/p>\n<p>Lead by Armando Braswell, along with our wonderful team of teachers and musicians. These guided and easy-to-follow classes are for those who want to improve their dancing skills or fitness levels\u00a0&#8211;\u00a0all from the comfort of your own home, without anyone watching!<\/p>\n<h2>\n\t\tF\u00dcR ALLE NIVEAUS UND ALLE K\u00d6RPERTYPEN\n\t<\/h2>\n\t\t\t\t<p>All-access to our archive of online workouts &#8211; including ballet, yoga, contemporary, stretching, jazz and more.<\/p>\n\t\t\t\t<p>Neue Kurse f\u00fcr Anf\u00e4nger*innen und Fortgeschrittene in verschiedenen Stilrichtungen werden regelm\u00e4ssig angeboten.<\/p>\n\t\t\t\t<p>Join our online dance and fitness community &#8211; a safe, private and inspirational group.<\/p>\n\t\t\t\t<p>No equipment is needed to start &#8211; choose classes with or without weights and other exercise equipment.<\/p>\n\t\t\t\t<p>Weltklasse-Lehrer*innen und Ausbildner*innen motivieren und treiben Dich in jeder einzelnen Klasse an.<\/p>\n\t<p>Streamen Sie von Ihrem Lieblingsger\u00e4t<\/p>\n\t\t\t\t<img decoding=\"async\" src=\"https:\/\/ejvcz4jyy33.exactdn.com\/wp-content\/uploads\/2021\/01\/bac-online-icons.jpg?strip=all&resize=1920%2C1080\" alt=\"Bac online icons - Braswell Arts Center\" itemprop=\"image\" height=\"1080\" width=\"1920\" title=\"Bac Online-Symbole - Braswell Arts Center\" onerror=\"this.style.display='none'\"  \/>\n<h2>\n\t\tDU WILLST MEHR?\n\t<\/h2>\n\t<p>Zeitlich begrenztes Angebot! Auf vielfachen Wunsch haben wir vor kurzem eine NEUE Online-Mediathek eingerichtet! Unsere beliebten Online-Kurse sind nun f\u00fcr die \u00d6ffentlichkeit zug\u00e4nglich und k\u00f6nnen jederzeit und \u00fcberall besucht werden. Der Online-Zugang ist in allen Unlimited BAC-Mitgliedschaften enthalten.<\/p>\n<p>F\u00fcr eine geringe einmalige Geb\u00fchr erh\u00e4ltst Du ein ganzes Jahr lang Zugang zu unserer Online-Mediathek mit vielen Tanz- und Fitnesskursen, die von unserem sehr talentierten BAC-Team unterrichtet werden.<\/p>\n<h2>BAC ONLINE ABONNEMENT<\/h2>\n<p>CHF 129\/pro Jahr<\/p>\n<center>\n    <healcode-widget data-version=\"0.2\" data-link-class=\"healcode-contract-text-link\" data-site-id=\"33464\" data-mb-site-id=\"546699\" data-type=\"contract-link\" data-inner-html=\"SIGN UP\" data-service-id=\"110\"><\/healcode-widget>\n<\/center>\n\t<p><strong>HINWEIS:<\/strong>\u00a0Wenn Du Dich im Mindbody-Einkaufswagen befindest, musst Du den Allgemeinen Gesch\u00e4ftsbedingungen zustimmen und Deine elektronische Unterschrift darunter setzen, um Deinen Einkauf abzuschliessen! Siehe Foto unten.<\/p>\n\t\t\t\t<img decoding=\"async\" src=\"https:\/\/ejvcz4jyy33.exactdn.com\/wp-content\/uploads\/2021\/01\/IMG_1205.jpeg?strip=all&resize=887%2C1920\" alt=\"Mindbody Screenshot - Braswell Arts Center\" itemprop=\"image\" height=\"1920\" width=\"887\" title=\"Mindbody Screenshot - Braswell Arts Center\" onerror=\"this.style.display='none'\"  \/>\n<h2>\n\t\tENTDECKE UNSERE KLASSEN\n\t<\/h2>\n\t<p>Welchen Stil Du auch immer bevorzugst oder welches Fitnessziel Du hast, wir haben das richtige Heimtraining f\u00fcr Dich.<\/p>\n\t\t\t\t<img decoding=\"async\" src=\"https:\/\/ejvcz4jyy33.exactdn.com\/wp-content\/uploads\/2021\/01\/Contemp-square-1-e1611091132985.jpg?strip=all&w=1920\" alt=\"BAC Adults - Contemporary square - Braswell Arts Center\" title=\"BAC Adults - Zeitgen\u00f6ssischer Platz - Braswell Arts Center\" itemprop=\"image\"\/>\n\t\t<h3>CONTEMPORARY<\/h3>\t\t\t\n\t\t\t\t<p>Our Contemporary teachers are all different, but expect a focus on big movements while maintaining fluidity and focusing your mind to improve your body&#8217;s response.<\/p>\n\t\t\t\t<img decoding=\"async\" src=\"https:\/\/ejvcz4jyy33.exactdn.com\/wp-content\/uploads\/2021\/01\/ballet-square-1-e1611091146707.jpg?strip=all&w=1920\" alt=\"Ballet square - Braswell Arts Center\" title=\"Ballettplatz - Braswell Arts Center\" itemprop=\"image\"\/>\n\t\t<h3>KLASSISCHES BALLETT<\/h3>\t\t\t\n\t\t\t\t<p>This class follows a traditional ballet class format, starting at the barre focusing on posture, positions then continuing with stretching and strengthening exercises.<\/p>\n\t\t\t\t<img decoding=\"async\" src=\"https:\/\/ejvcz4jyy33.exactdn.com\/wp-content\/uploads\/2021\/01\/Stretching-square-e1611091080639.jpg?strip=all&w=1920\" alt=\"Stretching square - Braswell Arts Center\" title=\"Platz zum Dehnen - Braswell Arts Center\" itemprop=\"image\"\/>\n\t\t<h3>STRETCHING<\/h3>\t\t\t\n\t\t\t\t<p>Dieser 45-min\u00fctige Stretching-Kurs ist eine hervorragende M\u00f6glichkeit, die Beweglichkeit der Gelenke zu f\u00f6rdern, die Flexibilit\u00e4t zu verbessern und das Verletzungsrisiko zu verringern. Eine grossartige Aktivit\u00e4t nach dem Skifahren oder nach dem Sport.<\/p>\n\t\t\t\t<img decoding=\"async\" src=\"https:\/\/ejvcz4jyy33.exactdn.com\/wp-content\/uploads\/2021\/01\/Jazz-square-1-e1611091097803.jpg?strip=all&w=1920\" alt=\"Jazz square - Braswell Arts Center\" title=\"Jazzplatz - Braswell Arts Center\" itemprop=\"image\"\/>\n\t\t<h3>JAZZ<\/h3>\t\t\t\n\t\t\t\t<p>Lernen, sich gross durch den Raum zu bewegen und dabei verschiedene Jazztechniken und pers\u00f6nliche Ausdrucksformen anzuwenden. Lyrischer Jazz ist ein pers\u00f6nlicher Ausdruck zur Musik. Er enth\u00e4lt Elemente der Jazztechnik, ist aber viel ausdrucksst\u00e4rker.<\/p>\n\t\t\t\t<img decoding=\"async\" src=\"https:\/\/ejvcz4jyy33.exactdn.com\/wp-content\/uploads\/2021\/01\/fitness-square-e1611091116983.jpg?strip=all&w=1920\" alt=\"Fitness square - Braswell Arts Center\" title=\"Fitness-Platz - Braswell Arts Center\" itemprop=\"image\"\/>\n\t\t<h3>FITNESS<\/h3>\t\t\t\n\t\t\t\t<p>Nimm an unseren Fitnesskursen teil, um Dich stark und leistungsf\u00e4hig zu f\u00fchlen und Dich selbst gut zu f\u00fchlen.  Im Body Sculpting-Kurs wirst Du Deine Muskeln st\u00e4rken und Deine Ausdauer verbessern. Entdecke eine unterhaltsame Art, Dich zu bewegen und neue \u00dcbungen zu erlernen.<\/p>\n\t\t\t\t<img decoding=\"async\" src=\"https:\/\/ejvcz4jyy33.exactdn.com\/wp-content\/uploads\/2021\/01\/Yoga-square-e1611091059990.jpg?strip=all&w=1920\" alt=\"Yoga square - Braswell Arts Center\" title=\"Yoga-Platz - Braswell Arts Center\" itemprop=\"image\"\/>\n\t\t<h3>YOGA<\/h3>\t\t\t\n\t\t\t\t<p>Yoga ist eine grossartige M\u00f6glichkeit, den Stress des Tages von sich abfallen zu lassen. Dieser einst\u00fcndige Kurs hilft, Stress abzubauen, st\u00e4rkt dabei auch die Muskeln und dehnt den K\u00f6rper, w\u00e4hrend Du Dein Atem bewusster wahrnimmst.<\/p>\n\t<h2>DAS BRASWELL ARTS CENTER WIRD VORGESTELLT IN<\/h2>\n\t\t\t\t<a href=\"https:\/\/www.bluewin.ch\/de\/leben\/lifestyle\/armando-braswell-manchmal-fuehle-ich-mich-wie-im-himmel-377822.html\" target=\"_blank\" rel=\"noopener\" itemprop=\"url\">\n\t\t\t\t<img decoding=\"async\" src=\"https:\/\/ejvcz4jyy33.exactdn.com\/wp-content\/uploads\/2020\/04\/bluewin_logo.png?strip=all&resize=600%2C600\" alt=\"bluewin logo - Braswell Arts Center\" itemprop=\"image\" height=\"600\" width=\"600\" title=\"bluewin logo - Braswell Arts Center\" onerror=\"this.style.display='none'\"  \/>\n\t\t\t\t<\/a>\n\t\t\t\t<a href=\"https:\/\/www.annabelle.ch\/leben\/ballett-f%c3%bcr-alle-48806\/\" target=\"_blank\" rel=\"noopener\" itemprop=\"url\">\n\t\t\t\t<img decoding=\"async\" src=\"https:\/\/ejvcz4jyy33.exactdn.com\/wp-content\/uploads\/2019\/07\/new-annabelle-magazine-logo.jpg?strip=all&resize=600%2C600\" alt=\"new annabelle magazine - logo - Braswell Arts Center\" itemprop=\"image\" height=\"600\" width=\"600\" title=\"neues annabelle magazin - logo - Braswell Arts Center\" onerror=\"this.style.display='none'\"  \/>\n\t\t\t\t<\/a>\n\t\t\t\t<a href=\"https:\/\/www.migros.ch\/de\/unternehmen\/neues-migros-welt.html\" target=\"_blank\" rel=\"noopener\" itemprop=\"url\">\n\t\t\t\t<img decoding=\"async\" src=\"https:\/\/ejvcz4jyy33.exactdn.com\/wp-content\/uploads\/2019\/07\/migros-magazine-logo.jpg?strip=all&resize=600%2C600\" alt=\"migros magazine - logo - Braswell Arts Center\" itemprop=\"image\" height=\"600\" width=\"600\" title=\"migros magazin - logo - Braswell Arts Center\" onerror=\"this.style.display='none'\"  \/>\n\t\t\t\t<\/a>\n\t\t\t\t<a href=\"https:\/\/telebasel.ch\/2018\/06\/22\/hauptsache-ich-kann-jemandem-eine-freude-machen\/?channel=5527\" target=\"_blank\" rel=\"noopener\" itemprop=\"url\">\n\t\t\t\t<img decoding=\"async\" src=\"https:\/\/ejvcz4jyy33.exactdn.com\/wp-content\/uploads\/2019\/07\/new-telebasel-logo.jpg?strip=all&resize=600%2C600\" alt=\"new telebasel - logo - Braswell Arts Center\" itemprop=\"image\" height=\"600\" width=\"600\" title=\"neues telebasel - logo - Braswell Arts Center\" onerror=\"this.style.display='none'\"  \/>\n\t\t\t\t<\/a>\n\t\t\t\t<a href=\"https:\/\/www.srf.ch\/play\/tv\/glanz--gloria\/video\/armando-braswell-ein-new-yorker-tanzt-sich-durch-basel?urn=urn:srf:video:285d75ef-0829-4412-8e3a-774b0c3ece48\" target=\"_blank\" rel=\"noopener\" itemprop=\"url\">\n\t\t\t\t<img decoding=\"async\" src=\"https:\/\/ejvcz4jyy33.exactdn.com\/wp-content\/uploads\/2019\/07\/new-srf-1-logo.jpg?strip=all&resize=600%2C600\" alt=\"new srf 1 - logo - Braswell Arts Center\" itemprop=\"image\" height=\"600\" width=\"600\" title=\"neu srf 1 - logo - Braswell Arts Center\" onerror=\"this.style.display='none'\"  \/>\n\t\t\t\t<\/a>\n\t\t\t\t<a href=\"https:\/\/www.armandobraswell.com\/bac-in-tanz-magazine\/\" target=\"_blank\" rel=\"noopener\" itemprop=\"url\">\n\t\t\t\t<img decoding=\"async\" src=\"https:\/\/ejvcz4jyy33.exactdn.com\/wp-content\/uploads\/2019\/07\/new-tanz-magazine-logo.jpg?strip=all&resize=600%2C600\" alt=\"new tanz magazine - logo - Braswell Arts Center\" itemprop=\"image\" height=\"600\" width=\"600\" title=\"neues tanz magazin - logo - Braswell Arts Center\" onerror=\"this.style.display='none'\"  \/>\n\t\t\t\t<\/a>\n\t\t\t\t<a href=\"https:\/\/nebula.wsimg.com\/7e3114021941928881b0357d74946179?AccessKeyId=59A3D5AF9D741656501B&#038;disposition=0&#038;alloworigin=1\" target=\"_blank\" rel=\"noopener\" itemprop=\"url\">\n\t\t\t\t<img decoding=\"async\" src=\"https:\/\/ejvcz4jyy33.exactdn.com\/wp-content\/uploads\/2019\/07\/basel-life-magazine-logo.jpg?strip=all&resize=600%2C600\" alt=\"basel life magazine - logo - Braswell Arts Center\" itemprop=\"image\" height=\"600\" width=\"600\" title=\"basel life magazin - logo - Braswell Arts Center\" onerror=\"this.style.display='none'\"  \/>\n\t\t\t\t<\/a>\n\t\t\t\t<a href=\"https:\/\/theenglishshow.com\/shows\/2018-04-17\" target=\"_blank\" rel=\"noopener\" itemprop=\"url\">\n\t\t\t\t<img decoding=\"async\" src=\"https:\/\/ejvcz4jyy33.exactdn.com\/wp-content\/uploads\/2019\/07\/new-radio-x-logo.jpg?strip=all&resize=600%2C600\" alt=\"new radio x - logo - Braswell Arts Center\" itemprop=\"image\" height=\"600\" width=\"600\" title=\"neues radio x - logo - Braswell Arts Center\" onerror=\"this.style.display='none'\"  \/>\n\t\t\t\t<\/a>\n\t\t\t\t<a href=\"https:\/\/www.birsforum.ch\/de\/publikationen\/regio-aktuell\/\" target=\"_blank\" rel=\"noopener\" itemprop=\"url\">\n\t\t\t\t<img decoding=\"async\" src=\"https:\/\/ejvcz4jyy33.exactdn.com\/wp-content\/uploads\/2019\/07\/new-regio-aktuel-logo.jpg?strip=all&resize=600%2C600\" alt=\"new regio aktuell - logo - Braswell Arts Center\" itemprop=\"image\" height=\"600\" width=\"600\" title=\"neue regio aktuell - logo - Braswell Arts Center\" onerror=\"this.style.display='none'\"  \/>\n\t\t\t\t<\/a>\n\t\t\t\t<a href=\"https:\/\/wiewaersmalmit.ch\/Ballett-Dienstag-Armando-Braswell-im-Gesprach\" target=\"_blank\" rel=\"noopener\" itemprop=\"url\">\n\t\t\t\t<img decoding=\"async\" src=\"https:\/\/ejvcz4jyy33.exactdn.com\/wp-content\/uploads\/2019\/07\/wwwm-logo.jpg?strip=all&resize=600%2C600\" alt=\"wwwm - logo - Braswell Arts Center\" itemprop=\"image\" height=\"600\" width=\"600\" title=\"wwwm - logo - Braswell Arts Center\" onerror=\"this.style.display='none'\"  \/>\n\t\t\t\t<\/a>\n\t\t\t\t<a href=\"https:\/\/www.srf.ch\/play\/tv\/glanz--gloria\/video\/armando-braswell-ein-new-yorker-tanzt-sich-durch-basel?urn=urn:srf:video:285d75ef-0829-4412-8e3a-774b0c3ece48\" target=\"_blank\" rel=\"noopener\" itemprop=\"url\">\n\t\t\t\t<img decoding=\"async\" src=\"https:\/\/ejvcz4jyy33.exactdn.com\/wp-content\/uploads\/2019\/07\/new-glanz-und-gloria-logo.jpg?strip=all&resize=600%2C600\" alt=\"new glanz und gloria - logo - Braswell Arts Center\" itemprop=\"image\" height=\"600\" width=\"600\" title=\"neues glanz und gloria - logo - Braswell Arts Center\" onerror=\"this.style.display='none'\"  \/>\n\t\t\t\t<\/a>\n\t\t\t\t<a href=\"https:\/\/www.blackenterprise.com\/be-modern-man-armando-braswell\/\" target=\"_blank\" rel=\"noopener\" itemprop=\"url\">\n\t\t\t\t<img decoding=\"async\" src=\"https:\/\/ejvcz4jyy33.exactdn.com\/wp-content\/uploads\/2019\/07\/black-enterpise-logo.jpg?strip=all&resize=600%2C600\" alt=\"black enterpise - logo - Braswell Arts Center\" itemprop=\"image\" height=\"600\" width=\"600\" title=\"black enterpise - Logo - Braswell Arts Center\" onerror=\"this.style.display='none'\"  \/>\n\t\t\t\t<\/a>\n\t<i>&#9733;<\/i><i>&#9733;<\/i><i>&#9733;<\/i><i>&#9733;<\/i><i>&#9733;<\/i>\t5\/5\n\t&#8220;The classes have such a positive energy. I feel Armando and Lisa, have brought a little bit of New York with them to Basel&#8221; <br \/> &#8211; Lea\n\t<i>&#9733;<\/i><i>&#9733;<\/i><i>&#9733;<\/i><i>&#9733;<\/i><i>&#9733;<\/i>\t5\/5\n\t&#8220;The Braswell Arts Center is my safe haven. I leave all my problems for these moments and just dance.&#8221;  <br \/> &#8211;  C\u00e4celia\n\t<h2>JETZT STARTEN!<\/h2>\n<h2>BAC ONLINE ABONNEMENT<\/h2>\n<p>Gegen eine geringe einmalige Geb\u00fchr hast Du ein ganzes Jahr lang Zugang zu unserer Online-Mediathek mit vielen Tanz- und Fitnesskursen, die von unserem sehr talentierten BAC-Team unterrichtet werden.<\/p>\n<p><strong>CHF 129<\/strong><\/p>\n<p>Jahresabonnement<\/p>\n\t\t\t<a href=\"https:\/\/clients.mindbodyonline.com\/classic\/mainclass?studioid=546699&#038;tg=&#038;vt=&#038;lvl=&#038;stype=&#038;view=&#038;trn=0&#038;page=&#038;catid=&#038;prodid=&#038;date=9%2f2%2f2021&#038;classid=0&#038;prodGroupId=&#038;sSU=&#038;optForwardingLink=&#038;qParam=&#038;justloggedin=&#038;nLgIn=&#038;pMode=0&#038;loc=1\" target=\"_blank\" role=\"button\" rel=\"noopener\">\n\t\t\t\t\t\t\tRegistriere Dich Jetzt\n\t\t\t\t\t<\/a>","protected":false},"excerpt":{"rendered":"<p>ONLINE CLASSES Here is your chance to join Basel&#8217;s popular community online! Inclusive online dance and fitness classes for all levels and all body types. Lead by Armando Braswell, along with our wonderful team of teachers and musicians. These guided and easy-to-follow classes are for those who want to improve their dancing skills or fitness [&hellip;]<\/p>","protected":false},"author":3,"featured_media":0,"parent":0,"menu_order":0,"comment_status":"closed","ping_status":"closed","template":"","meta":{"_seopress_robots_primary_cat":"","_seopress_titles_title":"","_seopress_titles_desc":"","_seopress_robots_index":"","site-sidebar-layout":"no-sidebar","site-content-layout":"page-builder","ast-site-content-layout":"default","site-content-style":"default","site-sidebar-style":"default","ast-global-header-display":"","ast-banner-title-visibility":"","ast-main-header-display":"","ast-hfb-above-header-display":"","ast-hfb-below-header-display":"","ast-hfb-mobile-header-display":"","site-post-title":"disabled","ast-breadcrumbs-content":"","ast-featured-img":"disabled","footer-sml-layout":"","theme-transparent-header-meta":"","adv-header-id-meta":null,"stick-header-meta":"","header-above-stick-meta":null,"header-main-stick-meta":"","header-below-stick-meta":null,"astra-migrate-meta-layouts":"default","ast-page-background-enabled":"default","ast-page-background-meta":{"desktop":{"background-color":"var(--ast-global-color-4)","background-image":"","background-repeat":"repeat","background-position":"center center","background-size":"auto","background-attachment":"scroll","background-type":"","background-media":"","overlay-type":"","overlay-color":"","overlay-opacity":"","overlay-gradient":""},"tablet":{"background-color":"","background-image":"","background-repeat":"repeat","background-position":"center center","background-size":"auto","background-attachment":"scroll","background-type":"","background-media":"","overlay-type":"","overlay-color":"","overlay-opacity":"","overlay-gradient":""},"mobile":{"background-color":"","background-image":"","background-repeat":"repeat","background-position":"center center","background-size":"auto","background-attachment":"scroll","background-type":"","background-media":"","overlay-type":"","overlay-color":"","overlay-opacity":"","overlay-gradient":""}},"ast-content-background-meta":{"desktop":{"background-color":"var(--ast-global-color-5)","background-image":"","background-repeat":"repeat","background-position":"center center","background-size":"auto","background-attachment":"scroll","background-type":"","background-media":"","overlay-type":"","overlay-color":"","overlay-opacity":"","overlay-gradient":""},"tablet":{"background-color":"var(--ast-global-color-5)","background-image":"","background-repeat":"repeat","background-position":"center center","background-size":"auto","background-attachment":"scroll","background-type":"","background-media":"","overlay-type":"","overlay-color":"","overlay-opacity":"","overlay-gradient":""},"mobile":{"background-color":"var(--ast-global-color-5)","background-image":"","background-repeat":"repeat","background-position":"center center","background-size":"auto","background-attachment":"scroll","background-type":"","background-media":"","overlay-type":"","overlay-color":"","overlay-opacity":"","overlay-gradient":""}},"iawp_total_views":267,"footnotes":""},"class_list":["post-1211","page","type-page","status-publish","hentry"],"_links":{"self":[{"href":"https:\/\/braswellartscenter.com\/de\/wp-json\/wp\/v2\/pages\/1211","targetHints":{"allow":["GET"]}}],"collection":[{"href":"https:\/\/braswellartscenter.com\/de\/wp-json\/wp\/v2\/pages"}],"about":[{"href":"https:\/\/braswellartscenter.com\/de\/wp-json\/wp\/v2\/types\/page"}],"author":[{"embeddable":true,"href":"https:\/\/braswellartscenter.com\/de\/wp-json\/wp\/v2\/users\/3"}],"replies":[{"embeddable":true,"href":"https:\/\/braswellartscenter.com\/de\/wp-json\/wp\/v2\/comments?post=1211"}],"version-history":[{"count":17,"href":"https:\/\/braswellartscenter.com\/de\/wp-json\/wp\/v2\/pages\/1211\/revisions"}],"predecessor-version":[{"id":2889,"href":"https:\/\/braswellartscenter.com\/de\/wp-json\/wp\/v2\/pages\/1211\/revisions\/2889"}],"wp:attachment":[{"href":"https:\/\/braswellartscenter.com\/de\/wp-json\/wp\/v2\/media?parent=1211"}],"curies":[{"name":"wp","href":"https:\/\/api.w.org\/{rel}","templated":true}]}}